{"id":2706,"date":"2025-05-02T13:38:01","date_gmt":"2025-05-02T11:38:01","guid":{"rendered":"https:\/\/petite-isabel.com\/?post_type=product&#038;p=2706"},"modified":"2025-11-18T17:46:34","modified_gmt":"2025-11-18T16:46:34","slug":"pantalon-marcos-blanco","status":"publish","type":"product","link":"http:\/\/petite-isabel.com\/en\/product\/pantalon-marcos-blanco\/","title":{"rendered":"Pantal\u00f3n Marcos | blanco"},"content":{"rendered":"<p>Os presentamos una prenda dise\u00f1ada para proporcionar comodidad y estilo en los d\u00edas c\u00e1lidos. Este pantal\u00f3n corto tiene un corte casual, ideal para el d\u00eda a d\u00eda o para ocasiones formales.<span class=\"Apple-converted-space\">\u00a0<\/span><\/p>\n<p>Se caracteriza por tener una cremallera en la parte frontal, lo que facilita el ajuste y cierre r\u00e1pido de la prenda. Complement\u00e1ndolo con una aletilla de cierre para ocultar dicha cremallera y as\u00ed darle un toque sofisticado.<span class=\"Apple-converted-space\">\u00a0<\/span><\/p>\n<p>Adem\u00e1s, est\u00e1 equipado con un bot\u00f3n de n\u00e1car a juego con el tejido en la parte superior, justo sobre la cremallera, que asegura que el pantal\u00f3n se mantenga en su lugar. Asimismo, se complementa con un falso bolsillo en la parte trasera. Estos detalles de cierre aseguran un ajuste c\u00f3modo y seguro para los ni\u00f1os.<\/p>\n<p>El pantal\u00f3n cuenta con unas trabillas que permiten pasar un cintur\u00f3n para un ajuste adicional o simplemente para darle un toque de estilo. Esto tambi\u00e9n facilita que el pantal\u00f3n se ajuste mejor al cuerpo del ni\u00f1o, proporcionando mayor comodidad y evitando que la prenda se deslice.<\/p>\n<p>&nbsp;<\/p>","protected":false},"excerpt":{"rendered":"<ul>\n<li>Tela gabardina 100% algod\u00f3n<span class=\"Apple-converted-space\">\u00a0<\/span><\/li>\n<li>Detalle de botones y cremallera<\/li>\n<li>Fabricado de forma sostenible en Espa\u00f1a<\/li>\n<\/ul>","protected":false},"featured_media":3201,"comment_status":"open","ping_status":"closed","template":"","meta":{"_acf_changed":false},"product_brand":[],"product_cat":[141,145,140],"product_tag":[],"class_list":{"0":"post-2706","1":"product","2":"type-product","3":"status-publish","4":"has-post-thumbnail","6":"product_cat-bebe-nino-verano","7":"product_cat-nino-verano","8":"product_cat-verano","10":"first","11":"instock","12":"taxable","13":"shipping-taxable","14":"purchasable","15":"product-type-variable"},"acf":[],"_links":{"self":[{"href":"http:\/\/petite-isabel.com\/en\/wp-json\/wp\/v2\/product\/2706","targetHints":{"allow":["GET"]}}],"collection":[{"href":"http:\/\/petite-isabel.com\/en\/wp-json\/wp\/v2\/product"}],"about":[{"href":"http:\/\/petite-isabel.com\/en\/wp-json\/wp\/v2\/types\/product"}],"replies":[{"embeddable":true,"href":"http:\/\/petite-isabel.com\/en\/wp-json\/wp\/v2\/comments?post=2706"}],"wp:featuredmedia":[{"embeddable":true,"href":"http:\/\/petite-isabel.com\/en\/wp-json\/wp\/v2\/media\/3201"}],"wp:attachment":[{"href":"http:\/\/petite-isabel.com\/en\/wp-json\/wp\/v2\/media?parent=2706"}],"wp:term":[{"taxonomy":"product_brand","embeddable":true,"href":"http:\/\/petite-isabel.com\/en\/wp-json\/wp\/v2\/product_brand?post=2706"},{"taxonomy":"product_cat","embeddable":true,"href":"http:\/\/petite-isabel.com\/en\/wp-json\/wp\/v2\/product_cat?post=2706"},{"taxonomy":"product_tag","embeddable":true,"href":"http:\/\/petite-isabel.com\/en\/wp-json\/wp\/v2\/product_tag?post=2706"}],"curies":[{"name":"wp","href":"https:\/\/api.w.org\/{rel}","templated":true}]}}