{"id":808,"date":"2024-11-13T11:38:04","date_gmt":"2024-11-13T10:38:04","guid":{"rendered":"https:\/\/petite-isabel.com\/?post_type=product&#038;p=808"},"modified":"2025-11-18T18:36:05","modified_gmt":"2025-11-18T17:36:05","slug":"vestido-amelia","status":"publish","type":"product","link":"http:\/\/petite-isabel.com\/en\/product\/vestido-amelia\/","title":{"rendered":"Vestido Amelia"},"content":{"rendered":"<p class=\"p1\">Vestido cl\u00e1sico con un toque femenino muy especial a esta silueta de lujo. Este exquisito vestido presenta nidos con puntadas a mano en tonos pasteles haciendo uniforme con el estampado del vestido. Tiene un cuello a juego con mangas abullonadas que irradia sofisticaci\u00f3n complement\u00e1ndolo con un fest\u00f3n en tono rosa que lo hace \u00fanico.<span class=\"Apple-converted-space\">\u00a0<\/span><\/p>\n<p class=\"p1\">Est\u00e1 forrado con forro de algod\u00f3n para mayor comodidad y se abrocha en la parte trasera del vestido. <b>Incluye su braguita a juego.<span class=\"Apple-converted-space\">\u00a0<\/span><\/b><\/p>\n<p class=\"p4\"><b>Nuestros vestidos tienen 6cm en el bajo para sacar cuando la ni\u00f1a crezca y as\u00ed garantizar la durabilidad.<\/b><\/p>\n<p><strong>*Debido a la complejidad en la confecci\u00f3n de esta prenda y a que los nidos con los que cuenta el dise\u00f1o est\u00e1n hechos a mano, el env\u00edo puede tardar hasta 25 d\u00edas.<\/strong><\/p>","protected":false},"excerpt":{"rendered":"<p>&nbsp;<\/p>\n<p>&nbsp;<\/p>","protected":false},"featured_media":2152,"comment_status":"open","ping_status":"closed","template":"","meta":{"_acf_changed":false},"product_brand":[],"product_cat":[29,40,42,28,39],"product_tag":[],"class_list":{"0":"post-808","1":"product","2":"type-product","3":"status-publish","4":"has-post-thumbnail","6":"product_cat-bebe-nina","7":"product_cat-nina","8":"product_cat-vestidos-exclusive","9":"product_cat-bebe-3-24-meses","10":"product_cat-nina-o-3-6-anos","12":"first","13":"instock","14":"taxable","15":"shipping-taxable","16":"purchasable","17":"product-type-variable"},"acf":[],"_links":{"self":[{"href":"http:\/\/petite-isabel.com\/en\/wp-json\/wp\/v2\/product\/808","targetHints":{"allow":["GET"]}}],"collection":[{"href":"http:\/\/petite-isabel.com\/en\/wp-json\/wp\/v2\/product"}],"about":[{"href":"http:\/\/petite-isabel.com\/en\/wp-json\/wp\/v2\/types\/product"}],"replies":[{"embeddable":true,"href":"http:\/\/petite-isabel.com\/en\/wp-json\/wp\/v2\/comments?post=808"}],"wp:featuredmedia":[{"embeddable":true,"href":"http:\/\/petite-isabel.com\/en\/wp-json\/wp\/v2\/media\/2152"}],"wp:attachment":[{"href":"http:\/\/petite-isabel.com\/en\/wp-json\/wp\/v2\/media?parent=808"}],"wp:term":[{"taxonomy":"product_brand","embeddable":true,"href":"http:\/\/petite-isabel.com\/en\/wp-json\/wp\/v2\/product_brand?post=808"},{"taxonomy":"product_cat","embeddable":true,"href":"http:\/\/petite-isabel.com\/en\/wp-json\/wp\/v2\/product_cat?post=808"},{"taxonomy":"product_tag","embeddable":true,"href":"http:\/\/petite-isabel.com\/en\/wp-json\/wp\/v2\/product_tag?post=808"}],"curies":[{"name":"wp","href":"https:\/\/api.w.org\/{rel}","templated":true}]}}