{"id":895,"date":"2024-11-13T11:56:04","date_gmt":"2024-11-13T10:56:04","guid":{"rendered":"https:\/\/petite-isabel.com\/?post_type=product&#038;p=895"},"modified":"2025-11-19T13:34:38","modified_gmt":"2025-11-19T12:34:38","slug":"braguita-4-botones-dolce","status":"publish","type":"product","link":"http:\/\/petite-isabel.com\/en\/product\/braguita-4-botones-dolce\/","title":{"rendered":"Braguita 4 botones | Dolce"},"content":{"rendered":"<p class=\"p1\">Dise\u00f1adas con cintura el\u00e1stica y orificios para las piernas que ayudan a tu peque\u00f1a en sus primeros pasos. Est\u00e1n rematados con 4 botones de n\u00e1car en la parte delantera.<\/p>","protected":false},"excerpt":{"rendered":"<p>&nbsp;<\/p>\n<p>&nbsp;<\/p>\n<p>&nbsp;<\/p>\n<p>&nbsp;<\/p>\n<p>&nbsp;<\/p>","protected":false},"featured_media":2048,"comment_status":"open","ping_status":"closed","template":"","meta":{"_acf_changed":false},"product_brand":[],"product_cat":[29,28,34],"product_tag":[],"class_list":{"0":"post-895","1":"product","2":"type-product","3":"status-publish","4":"has-post-thumbnail","6":"product_cat-bebe-nina","7":"product_cat-bebe-3-24-meses","8":"product_cat-braguitas","10":"first","11":"instock","12":"taxable","13":"shipping-taxable","14":"purchasable","15":"product-type-variable"},"acf":[],"_links":{"self":[{"href":"http:\/\/petite-isabel.com\/en\/wp-json\/wp\/v2\/product\/895","targetHints":{"allow":["GET"]}}],"collection":[{"href":"http:\/\/petite-isabel.com\/en\/wp-json\/wp\/v2\/product"}],"about":[{"href":"http:\/\/petite-isabel.com\/en\/wp-json\/wp\/v2\/types\/product"}],"replies":[{"embeddable":true,"href":"http:\/\/petite-isabel.com\/en\/wp-json\/wp\/v2\/comments?post=895"}],"wp:featuredmedia":[{"embeddable":true,"href":"http:\/\/petite-isabel.com\/en\/wp-json\/wp\/v2\/media\/2048"}],"wp:attachment":[{"href":"http:\/\/petite-isabel.com\/en\/wp-json\/wp\/v2\/media?parent=895"}],"wp:term":[{"taxonomy":"product_brand","embeddable":true,"href":"http:\/\/petite-isabel.com\/en\/wp-json\/wp\/v2\/product_brand?post=895"},{"taxonomy":"product_cat","embeddable":true,"href":"http:\/\/petite-isabel.com\/en\/wp-json\/wp\/v2\/product_cat?post=895"},{"taxonomy":"product_tag","embeddable":true,"href":"http:\/\/petite-isabel.com\/en\/wp-json\/wp\/v2\/product_tag?post=895"}],"curies":[{"name":"wp","href":"https:\/\/api.w.org\/{rel}","templated":true}]}}