{"id":3,"date":"2024-10-16T11:17:49","date_gmt":"2024-10-16T09:17:49","guid":{"rendered":"http:\/\/petite-isabel.com\/?page_id=3"},"modified":"2024-11-05T11:53:14","modified_gmt":"2024-11-05T10:53:14","slug":"privacy-policy","status":"publish","type":"page","link":"https:\/\/petite-isabel.com\/en\/privacy-policy\/","title":{"rendered":"Privacy Policy"},"content":{"rendered":"<ol class=\"wp-block-list\">\n<li><strong>User Information<\/strong><\/li>\n<\/ol>\n\n\n\n<p><strong>Mar\u00eda Isabel Casas Iglesias<\/strong>in its capacity as responsible for the website <a href=\"http:\/\/www.petiteisabel.com\" target=\"_blank\" rel=\"noopener\">www.petiteisabel.com<\/a> ensures the protection of your personal data, making available to users and interested parties the corresponding policy that establishes how they are processed and protected.&nbsp;&nbsp;<\/p>\n\n\n\n<p><strong>Who is responsible for the processing of your personal data?<\/strong><\/p>\n\n\n\n<p><strong>Mar\u00eda Isabel Casas Iglesias<\/strong>with DNI 53.908.220-S and registered office located in Madrid, calle Pintor Rosales, number 38, (28008) Madrid, is the <strong>responsable <\/strong>(in case of own events) and <strong>in charge <\/strong>(in the case of user events) of the processing of the personal data of the <strong>user<\/strong>, informing in any case that these data will be processed in accordance with the provisions of Regulation (EU) 2016\/679, of 27 April, General Data Protection (hereinafter, <strong>\u201cRGPD\u201d<\/strong>) and Organic Law 3\/2018, of 5 December, on the Protection of Personal Data and Guarantee of Digital Rights (hereinafter, <strong>\u201cLOPDPGDD\u201d<\/strong>).<\/p>\n\n\n\n<p>You can contact us to discuss any matter related to the privacy policy via email at <a href=\"mailto:info@petite-isabel.com\">info@petite-isabel.com<\/a> and the telephone number +34 620 39 94 18&nbsp;<\/p>\n\n\n\n<p><strong>What do we process your personal data for?&nbsp;<\/strong><\/p>\n\n\n\n<p>To maintain a business relationship with customers. The data collected through the website of <strong>Petite Isabel<\/strong> se tratar\u00e1n con las siguientes finalidades:<\/p>\n\n\n\n<ul class=\"wp-block-list\">\n<li>Manage and develop the registration on the website.<\/li>\n<\/ul>\n\n\n\n<ul class=\"wp-block-list\">\n<li>To process orders, requests, manage and develop the online purchase, if applicable, or any type of request made by the Client through any of the forms of contact, online or in person.<\/li>\n<\/ul>\n\n\n\n<ul class=\"wp-block-list\">\n<li>Manage any communications, complaints, claims, etc., that may be submitted to <strong>Petite Isabel<\/strong> a trav\u00e9s de su Servicio de Atenci\u00f3n al Cliente, o bien por otro medio h\u00e1bil a tal fin.<\/li>\n<\/ul>\n\n\n\n<ul class=\"wp-block-list\">\n<li>If you have accepted cookies, we collect certain information from your device, such as your web browser, IP address, your time zone, how you interact with the website, and other information set out in the Cookie Policy. For more information about cookies you can access our Cookie Policy here: [Insert link].<\/li>\n<\/ul>\n\n\n\n<p><strong>How did we obtain your data?<\/strong><\/p>\n\n\n\n<p>The personal data it processes <strong>Mar\u00eda Isabel Casas Iglesias<\/strong> have been directly provided by the stakeholders.<\/p>\n\n\n\n<p>The categories of data processed are basically:<\/p>\n\n\n\n<ul class=\"wp-block-list\">\n<li>Identifying data.<\/li>\n<\/ul>\n\n\n\n<ul class=\"wp-block-list\">\n<li>Postal and e-mail addresses.<\/li>\n<\/ul>\n\n\n\n<ul class=\"wp-block-list\">\n<li>Commercial information.<\/li>\n<\/ul>\n\n\n\n<p><strong>How long will we keep your personal data?&nbsp;<\/strong><\/p>\n\n\n\n<p>The data provided will be kept for the time strictly necessary.<\/p>\n\n\n\n<p>to comply with the corresponding purpose for which we process your data or the commercial relationship between the parties continues to be in force, provided that the owner of the data does not express his\/her opposition.<\/p>\n\n\n\n<p>Subsequently, the information will be kept blocked for the years necessary to comply with legal obligations.<\/p>\n\n\n\n<p><strong>To whom do we provide your personal data?&nbsp;<\/strong><\/p>\n\n\n\n<p>No communication of personal data to third parties is foreseen except:<\/p>\n\n\n\n<ol class=\"wp-block-list\">\n<li>Where this is required by law;<\/li>\n<\/ol>\n\n\n\n<ol class=\"wp-block-list\">\n<li>When operating with \u2018cloud data storage\u2019 service providers<\/li>\n<\/ol>\n\n\n\n<ol class=\"wp-block-list\">\n<li>When, for the development and execution of the purposes of the processing, communications are required to Public Administrations, banks and financial institutions and, likewise, to our service providers or collaborators, with whom we have signed the confidentiality and data processing assignment contracts required by current privacy regulations.<\/li>\n<\/ol>\n\n\n\n<p>Please note that any transfer outside the European Economic Area (hereinafter, <strong>\u201cEEE\u201d<\/strong>) shall be made to a recipient that has been declared by the European Commission to have an adequate level of protection. In the absence of such a declaration of adequacy, appropriate safeguards, such as the signature of Standard Contractual Clauses approved by the Commission, the content of which can be found at the following link:<\/p>\n\n\n\n<p>&nbsp;<a href=\"https:\/\/ec.europa.eu\/info\/law\/law-topic\/data-protection\/international-dimension-data-protection\/standard-contractual-clauses-scc_en\" target=\"_blank\" rel=\"noopener\">https:\/\/ec.europa.eu\/info\/law\/law-topic\/data-protection\/international-dimension-data-<\/a> <a href=\"https:\/\/ec.europa.eu\/info\/law\/law-topic\/data-protection\/international-dimension-data-protection\/standard-contractual-clauses-scc_en\" target=\"_blank\" rel=\"noopener\">protection\/standard-contractual-clauses-scc_en<\/a>.<\/p>\n\n\n\n<p><strong>What are your rights?<\/strong><\/p>\n\n\n\n<p>The User's rights are as follows:<\/p>\n\n\n\n<ul class=\"wp-block-list\">\n<li>Right to withdraw consent at any time.<\/li>\n<\/ul>\n\n\n\n<ul class=\"wp-block-list\">\n<li>The right of access, rectification, portability and deletion of your data, and the right to limit or oppose its processing and not to be subject to automated decisions.<\/li>\n<\/ul>\n\n\n\n<ul class=\"wp-block-list\">\n<li>The right to lodge a complaint with the supervisory authority (i.e., Spanish Data Protection Agency; www.aepd.com) if you consider that the processing does not comply with the regulations in force.<\/li>\n<\/ul>\n\n\n\n<p>The contact details for exercising your rights are as follows:<\/p>\n\n\n\n<ul class=\"wp-block-list\">\n<li>A\/A Mar\u00eda Isabel Casas Iglesias<\/li>\n\n\n\n<li>Address: Calle Pintor Rosales 38, (28008) Madrid.<\/li>\n\n\n\n<li>Email: <a href=\"mailto:info@petite-isabel.com\">info@petite-isabel.com<\/a>\u00a0<\/li>\n<\/ul>","protected":false},"excerpt":{"rendered":"<p>Mar\u00eda Isabel Casas Iglesias, en su condici\u00f3n de responsable de la p\u00e1gina web www.petiteisabel.com vela por la protecci\u00f3n de tus datos personales, poniendo a disposici\u00f3n de los usuarios e interesados la correspondiente pol\u00edtica que establece c\u00f3mo \u00e9stos se tratan y protegen.&nbsp;&nbsp; \u00bfQui\u00e9n es el responsable del tratamiento de tus datos personales? Mar\u00eda Isabel Casas Iglesias, [&hellip;]<\/p>","protected":false},"author":1,"featured_media":0,"parent":0,"menu_order":0,"comment_status":"closed","ping_status":"closed","template":"","meta":{"_acf_changed":false,"footnotes":""},"class_list":["post-3","page","type-page","status-publish","hentry"],"acf":[],"_links":{"self":[{"href":"https:\/\/petite-isabel.com\/en\/wp-json\/wp\/v2\/pages\/3","targetHints":{"allow":["GET"]}}],"collection":[{"href":"https:\/\/petite-isabel.com\/en\/wp-json\/wp\/v2\/pages"}],"about":[{"href":"https:\/\/petite-isabel.com\/en\/wp-json\/wp\/v2\/types\/page"}],"author":[{"embeddable":true,"href":"https:\/\/petite-isabel.com\/en\/wp-json\/wp\/v2\/users\/1"}],"replies":[{"embeddable":true,"href":"https:\/\/petite-isabel.com\/en\/wp-json\/wp\/v2\/comments?post=3"}],"version-history":[{"count":3,"href":"https:\/\/petite-isabel.com\/en\/wp-json\/wp\/v2\/pages\/3\/revisions"}],"predecessor-version":[{"id":396,"href":"https:\/\/petite-isabel.com\/en\/wp-json\/wp\/v2\/pages\/3\/revisions\/396"}],"wp:attachment":[{"href":"https:\/\/petite-isabel.com\/en\/wp-json\/wp\/v2\/media?parent=3"}],"curies":[{"name":"wp","href":"https:\/\/api.w.org\/{rel}","templated":true}]}}