{"id":1148,"date":"2024-11-14T11:31:18","date_gmt":"2024-11-14T10:31:18","guid":{"rendered":"https:\/\/petite-isabel.com\/?post_type=product&#038;p=1148"},"modified":"2025-11-24T15:25:53","modified_gmt":"2025-11-24T14:25:53","slug":"conjunto-de-punto-nina-india-celeste","status":"publish","type":"product","link":"https:\/\/petite-isabel.com\/en\/product\/conjunto-de-punto-nina-india-celeste\/","title":{"rendered":"India girl knitted set | Baby blue"},"content":{"rendered":"<p class=\"p1\">Este conjunto esta dise\u00f1ado para vestir a su reci\u00e9n nacido en una comodidad acogedora. La suavidad del tejido proporciona un tacto suave contra la piel delicada, asegurando que su beb\u00e9 se sienta c\u00f3modo y seguro. Tiene un dise\u00f1o de punto en contraste en la parte delantera de forma cuadrada. Elaborado con un volante en el pu\u00f1o y final del cuerpo del jersey para darle un toque sofisticado y dulce.<\/p>\n<p><em>Este set incluye jersey, capota y patucos a juego.<\/em><\/p>","protected":false},"excerpt":{"rendered":"<p>&nbsp;<\/p>\n<p>&nbsp;<\/p>\n<p>&nbsp;<\/p>","protected":false},"featured_media":3274,"comment_status":"open","ping_status":"closed","template":"","meta":{"_acf_changed":false},"product_brand":[],"product_cat":[17,18,16,19],"product_tag":[115],"class_list":{"0":"post-1148","1":"product","2":"type-product","3":"status-publish","4":"has-post-thumbnail","6":"product_cat-punto","7":"product_cat-conjuntos","8":"product_cat-new-born-0-3-meses","9":"product_cat-jerseys","10":"product_tag-por-encargo","12":"first","13":"instock","14":"taxable","15":"shipping-taxable","16":"purchasable","17":"product-type-simple"},"acf":[],"_links":{"self":[{"href":"https:\/\/petite-isabel.com\/en\/wp-json\/wp\/v2\/product\/1148","targetHints":{"allow":["GET"]}}],"collection":[{"href":"https:\/\/petite-isabel.com\/en\/wp-json\/wp\/v2\/product"}],"about":[{"href":"https:\/\/petite-isabel.com\/en\/wp-json\/wp\/v2\/types\/product"}],"replies":[{"embeddable":true,"href":"https:\/\/petite-isabel.com\/en\/wp-json\/wp\/v2\/comments?post=1148"}],"wp:featuredmedia":[{"embeddable":true,"href":"https:\/\/petite-isabel.com\/en\/wp-json\/wp\/v2\/media\/3274"}],"wp:attachment":[{"href":"https:\/\/petite-isabel.com\/en\/wp-json\/wp\/v2\/media?parent=1148"}],"wp:term":[{"taxonomy":"product_brand","embeddable":true,"href":"https:\/\/petite-isabel.com\/en\/wp-json\/wp\/v2\/product_brand?post=1148"},{"taxonomy":"product_cat","embeddable":true,"href":"https:\/\/petite-isabel.com\/en\/wp-json\/wp\/v2\/product_cat?post=1148"},{"taxonomy":"product_tag","embeddable":true,"href":"https:\/\/petite-isabel.com\/en\/wp-json\/wp\/v2\/product_tag?post=1148"}],"curies":[{"name":"wp","href":"https:\/\/api.w.org\/{rel}","templated":true}]}}