{"id":1181,"date":"2024-11-14T14:55:07","date_gmt":"2024-11-14T13:55:07","guid":{"rendered":"https:\/\/petite-isabel.com\/?post_type=product&#038;p=1181"},"modified":"2025-11-05T09:42:59","modified_gmt":"2025-11-05T08:42:59","slug":"faldon-alicia-set-completo-cuerpo-de-punto-rosa-faldon-capota-y-patucos","status":"publish","type":"product","link":"https:\/\/petite-isabel.com\/en\/product\/faldon-alicia-set-completo-cuerpo-de-punto-rosa-faldon-capota-y-patucos\/","title":{"rendered":"Fald\u00f3n ALICIA | Rosa"},"content":{"rendered":"<p class=\"p1\">Este set de cuerpo de punto, fald\u00f3n, capota y patucos es perfecto para ocasiones especiales. Acabando la falda con una tela de pique de canutillo blanca. Presenta un detalle de entred\u00f3s y tira bordada que lo hace \u00fanico y sofisticado.<\/p>\n<p>Est\u00e1 abierto en la parte de atr\u00e1s, lo que facilita el cambio de pa\u00f1al y proporciona comodidad al no generar presi\u00f3n en la zona del cuello ni el torso del beb\u00e9. Adem\u00e1s, el fald\u00f3n incluye un cubrepa\u00f1al ajustado que se coloca debajo, cubriendo la zona del pa\u00f1al, garantizando que todo quede uniforme.<\/p>\n<p>&nbsp;<\/p>\n<p><strong>El set completo incluye: fald\u00f3n, capota, patucos y un cubrepa\u00f1al con tira bordada a juego.\u00a0<\/strong><\/p>","protected":false},"excerpt":{"rendered":"<p>&nbsp;<\/p>\n<p>&nbsp;<\/p>\n<p>&nbsp;<\/p>\n<p>&nbsp;<\/p>","protected":false},"featured_media":3300,"comment_status":"open","ping_status":"closed","template":"","meta":{"_acf_changed":false},"product_brand":[],"product_cat":[17,16,23],"product_tag":[115],"class_list":{"0":"post-1181","1":"product","2":"type-product","3":"status-publish","4":"has-post-thumbnail","6":"product_cat-punto","7":"product_cat-new-born-0-3-meses","8":"product_cat-faldones","9":"product_tag-por-encargo","11":"first","12":"instock","13":"taxable","14":"shipping-taxable","15":"purchasable","16":"product-type-variable"},"acf":[],"_links":{"self":[{"href":"https:\/\/petite-isabel.com\/en\/wp-json\/wp\/v2\/product\/1181","targetHints":{"allow":["GET"]}}],"collection":[{"href":"https:\/\/petite-isabel.com\/en\/wp-json\/wp\/v2\/product"}],"about":[{"href":"https:\/\/petite-isabel.com\/en\/wp-json\/wp\/v2\/types\/product"}],"replies":[{"embeddable":true,"href":"https:\/\/petite-isabel.com\/en\/wp-json\/wp\/v2\/comments?post=1181"}],"wp:featuredmedia":[{"embeddable":true,"href":"https:\/\/petite-isabel.com\/en\/wp-json\/wp\/v2\/media\/3300"}],"wp:attachment":[{"href":"https:\/\/petite-isabel.com\/en\/wp-json\/wp\/v2\/media?parent=1181"}],"wp:term":[{"taxonomy":"product_brand","embeddable":true,"href":"https:\/\/petite-isabel.com\/en\/wp-json\/wp\/v2\/product_brand?post=1181"},{"taxonomy":"product_cat","embeddable":true,"href":"https:\/\/petite-isabel.com\/en\/wp-json\/wp\/v2\/product_cat?post=1181"},{"taxonomy":"product_tag","embeddable":true,"href":"https:\/\/petite-isabel.com\/en\/wp-json\/wp\/v2\/product_tag?post=1181"}],"curies":[{"name":"wp","href":"https:\/\/api.w.org\/{rel}","templated":true}]}}