{"id":1321,"date":"2024-11-15T13:15:05","date_gmt":"2024-11-15T12:15:05","guid":{"rendered":"https:\/\/petite-isabel.com\/?post_type=product&#038;p=1321"},"modified":"2025-05-07T10:48:59","modified_gmt":"2025-05-07T08:48:59","slug":"faldon-nidos-daniela-rosa","status":"publish","type":"product","link":"https:\/\/petite-isabel.com\/en\/product\/faldon-nidos-daniela-rosa\/","title":{"rendered":"Daniela nest skirt | Pink"},"content":{"rendered":"<p class=\"p1\">Este tradicional fald\u00f3n dise\u00f1ado con nidos hechos a mano. Las modistas elaboran nidos con hilos de alta calidad en tonos rosas. Las mangas en forma de ala muestran un encaje <i>Valencienne<\/i> sofisticado, incorpor\u00e1ndolo en el cuello para crear una pieza \u00fanica. <span class=\"s1\">Este fald\u00f3n presenta 6cm en el bajo para sacar cuando el beb\u00e9 crezca y as\u00ed garantizar la durabilidad.<\/span><\/p>\n<div><strong>*Debido a la complejidad en la confecci\u00f3n de esta prenda y a que los nidos con los que cuenta el dise\u00f1o est\u00e1n hechos a mano, el env\u00edo puede tardar hasta 25 d\u00edas.<\/strong><\/div>","protected":false},"excerpt":{"rendered":"<p>&nbsp;<\/p>\n<p>&nbsp;<\/p>\n<p>&nbsp;<\/p>\n<p>&nbsp;<\/p>\n<p>&nbsp;<\/p>\n<p>&nbsp;<\/p>","protected":false},"featured_media":1888,"comment_status":"open","ping_status":"closed","template":"","meta":{"_acf_changed":false},"product_brand":[],"product_cat":[16,23],"product_tag":[115],"class_list":{"0":"post-1321","1":"product","2":"type-product","3":"status-publish","4":"has-post-thumbnail","6":"product_cat-new-born-0-3-meses","7":"product_cat-faldones","8":"product_tag-por-encargo","10":"first","11":"instock","12":"taxable","13":"shipping-taxable","14":"purchasable","15":"product-type-simple"},"acf":[],"_links":{"self":[{"href":"https:\/\/petite-isabel.com\/en\/wp-json\/wp\/v2\/product\/1321","targetHints":{"allow":["GET"]}}],"collection":[{"href":"https:\/\/petite-isabel.com\/en\/wp-json\/wp\/v2\/product"}],"about":[{"href":"https:\/\/petite-isabel.com\/en\/wp-json\/wp\/v2\/types\/product"}],"replies":[{"embeddable":true,"href":"https:\/\/petite-isabel.com\/en\/wp-json\/wp\/v2\/comments?post=1321"}],"wp:featuredmedia":[{"embeddable":true,"href":"https:\/\/petite-isabel.com\/en\/wp-json\/wp\/v2\/media\/1888"}],"wp:attachment":[{"href":"https:\/\/petite-isabel.com\/en\/wp-json\/wp\/v2\/media?parent=1321"}],"wp:term":[{"taxonomy":"product_brand","embeddable":true,"href":"https:\/\/petite-isabel.com\/en\/wp-json\/wp\/v2\/product_brand?post=1321"},{"taxonomy":"product_cat","embeddable":true,"href":"https:\/\/petite-isabel.com\/en\/wp-json\/wp\/v2\/product_cat?post=1321"},{"taxonomy":"product_tag","embeddable":true,"href":"https:\/\/petite-isabel.com\/en\/wp-json\/wp\/v2\/product_tag?post=1321"}],"curies":[{"name":"wp","href":"https:\/\/api.w.org\/{rel}","templated":true}]}}