{"id":1324,"date":"2024-11-15T13:19:46","date_gmt":"2024-11-15T12:19:46","guid":{"rendered":"https:\/\/petite-isabel.com\/?post_type=product&#038;p=1324"},"modified":"2025-11-19T13:55:14","modified_gmt":"2025-11-19T12:55:14","slug":"ranita-nidos-mare-celeste","status":"publish","type":"product","link":"https:\/\/petite-isabel.com\/en\/product\/ranita-nidos-mare-celeste\/","title":{"rendered":"Ranita nidos mare | Celeste"},"content":{"rendered":"<p class=\"p1\">Esta tradicional ranita est\u00e1 dise\u00f1ada con nidos hechos a mano. Las modistas elaboran nidos con hilos de alta calidad en tonos azul celeste. Las mangas en forma de ala muestran un encaje Valencienne sofisticado. En el cuello tenemos un volante cl\u00e1sico para crear una pieza \u00fanica. Puedes a\u00f1adirle un jersey debajo para temporadas mas fr\u00edas.<\/p>\n<div><strong>*Debido a la complejidad en la confecci\u00f3n de esta prenda y a que los nidos con los que cuenta el dise\u00f1o est\u00e1n hechos a mano, el env\u00edo puede tardar hasta 25 d\u00edas.<\/strong><\/div>","protected":false},"excerpt":{"rendered":"<p>&nbsp;<\/p>\n<p>&nbsp;<\/p>\n<p>&nbsp;<\/p>\n<p>&nbsp;<\/p>\n<p>&nbsp;<\/p>\n<p>&nbsp;<\/p>","protected":false},"featured_media":1884,"comment_status":"open","ping_status":"closed","template":"","meta":{"_acf_changed":false},"product_brand":[],"product_cat":[29,31,16,25,28],"product_tag":[115],"class_list":{"0":"post-1324","1":"product","2":"type-product","3":"status-publish","4":"has-post-thumbnail","6":"product_cat-bebe-nina","7":"product_cat-ranitas-bebe-nina","8":"product_cat-new-born-0-3-meses","9":"product_cat-ranitas","10":"product_cat-bebe-3-24-meses","11":"product_tag-por-encargo","13":"first","14":"instock","15":"taxable","16":"shipping-taxable","17":"purchasable","18":"product-type-simple"},"acf":[],"_links":{"self":[{"href":"https:\/\/petite-isabel.com\/en\/wp-json\/wp\/v2\/product\/1324","targetHints":{"allow":["GET"]}}],"collection":[{"href":"https:\/\/petite-isabel.com\/en\/wp-json\/wp\/v2\/product"}],"about":[{"href":"https:\/\/petite-isabel.com\/en\/wp-json\/wp\/v2\/types\/product"}],"replies":[{"embeddable":true,"href":"https:\/\/petite-isabel.com\/en\/wp-json\/wp\/v2\/comments?post=1324"}],"wp:featuredmedia":[{"embeddable":true,"href":"https:\/\/petite-isabel.com\/en\/wp-json\/wp\/v2\/media\/1884"}],"wp:attachment":[{"href":"https:\/\/petite-isabel.com\/en\/wp-json\/wp\/v2\/media?parent=1324"}],"wp:term":[{"taxonomy":"product_brand","embeddable":true,"href":"https:\/\/petite-isabel.com\/en\/wp-json\/wp\/v2\/product_brand?post=1324"},{"taxonomy":"product_cat","embeddable":true,"href":"https:\/\/petite-isabel.com\/en\/wp-json\/wp\/v2\/product_cat?post=1324"},{"taxonomy":"product_tag","embeddable":true,"href":"https:\/\/petite-isabel.com\/en\/wp-json\/wp\/v2\/product_tag?post=1324"}],"curies":[{"name":"wp","href":"https:\/\/api.w.org\/{rel}","templated":true}]}}