{"id":1603,"date":"2024-11-22T11:04:53","date_gmt":"2024-11-22T10:04:53","guid":{"rendered":"https:\/\/petite-isabel.com\/?post_type=product&#038;p=1603"},"modified":"2026-03-04T18:56:39","modified_gmt":"2026-03-04T17:56:39","slug":"vestido-nidos-florencia","status":"publish","type":"product","link":"https:\/\/petite-isabel.com\/en\/product\/vestido-nidos-florencia\/","title":{"rendered":"Vestido nidos Florencia"},"content":{"rendered":"<div>Este vestido esta trabajado con nidos de abeja en forma de cruz hechos a mano. Presenta una tapilla bordada seguida con un cuello peter pan que le da un toque sofisticado. Con 6 botones de n\u00e1car en la parte delantera. Dise\u00f1ado con un dulce estampado en flor con tonos pasteles. Las mangas farol le dan un toque elegante para cualquier ocasi\u00f3n. Est\u00e1 forrado con forro de algod\u00f3n para mayor comodidad y se abrocha en la parte trasera del vestido.<\/div>\n<div><\/div>\n<div><strong>Nuestros vestidos tienen 6cm en el bajo para sacar cuando la ni\u00f1a crezca y as\u00ed garantizar la durabilidad.<\/strong><\/div>","protected":false},"excerpt":{"rendered":"<p>&nbsp;<\/p>\n<p>&nbsp;<\/p>","protected":false},"featured_media":2558,"comment_status":"open","ping_status":"closed","template":"","meta":{"_acf_changed":false},"product_brand":[],"product_cat":[29,40,42,15,28,39],"product_tag":[115],"class_list":{"0":"post-1603","1":"product","2":"type-product","3":"status-publish","4":"has-post-thumbnail","6":"product_cat-bebe-nina","7":"product_cat-nina","8":"product_cat-vestidos-exclusive","9":"product_cat-vestidos-bebe-nina","10":"product_cat-bebe-3-24-meses","11":"product_cat-nina-o-3-6-anos","12":"product_tag-por-encargo","14":"first","15":"instock","16":"taxable","17":"shipping-taxable","18":"purchasable","19":"product-type-variable"},"acf":[],"_links":{"self":[{"href":"https:\/\/petite-isabel.com\/en\/wp-json\/wp\/v2\/product\/1603","targetHints":{"allow":["GET"]}}],"collection":[{"href":"https:\/\/petite-isabel.com\/en\/wp-json\/wp\/v2\/product"}],"about":[{"href":"https:\/\/petite-isabel.com\/en\/wp-json\/wp\/v2\/types\/product"}],"replies":[{"embeddable":true,"href":"https:\/\/petite-isabel.com\/en\/wp-json\/wp\/v2\/comments?post=1603"}],"wp:featuredmedia":[{"embeddable":true,"href":"https:\/\/petite-isabel.com\/en\/wp-json\/wp\/v2\/media\/2558"}],"wp:attachment":[{"href":"https:\/\/petite-isabel.com\/en\/wp-json\/wp\/v2\/media?parent=1603"}],"wp:term":[{"taxonomy":"product_brand","embeddable":true,"href":"https:\/\/petite-isabel.com\/en\/wp-json\/wp\/v2\/product_brand?post=1603"},{"taxonomy":"product_cat","embeddable":true,"href":"https:\/\/petite-isabel.com\/en\/wp-json\/wp\/v2\/product_cat?post=1603"},{"taxonomy":"product_tag","embeddable":true,"href":"https:\/\/petite-isabel.com\/en\/wp-json\/wp\/v2\/product_tag?post=1603"}],"curies":[{"name":"wp","href":"https:\/\/api.w.org\/{rel}","templated":true}]}}