{"id":1913,"date":"2024-12-16T11:38:58","date_gmt":"2024-12-16T10:38:58","guid":{"rendered":"https:\/\/petite-isabel.com\/?post_type=product&#038;p=1913"},"modified":"2025-11-05T09:36:05","modified_gmt":"2025-11-05T08:36:05","slug":"bodie-de-punto-ochos-rosa","status":"publish","type":"product","link":"https:\/\/petite-isabel.com\/en\/product\/bodie-de-punto-ochos-rosa\/","title":{"rendered":"Set bodie de punto Ochos | Blanco"},"content":{"rendered":"<p class=\"p1\">Bodie de manga larga en tejido punto disponible en 2 colores.<b> <\/b>El<span class=\"Apple-converted-space\">\u00a0 <\/span>dise\u00f1o de ochos en su parte central lo hace elegante y \u00fanico. La suavidad del tejido proporciona un tacto suave contra la piel delicada, asegurando que su beb\u00e9 se sienta c\u00f3modo y seguro.<\/p>\n<p><em>Este set incluye bodie, capota y patucos a juego.<\/em><\/p>\n<p>&nbsp;<\/p>","protected":false},"excerpt":{"rendered":"<p>Bodie de manga larga en tejido punto disponible en 2 colores. El\u00a0 dise\u00f1o de ochos en su parte central lo hace elegante y \u00fanico. La suavidad del tejido proporciona un tacto suave contra la piel delicada, asegurando que su beb\u00e9 se sienta c\u00f3modo y seguro. Este set incluye bodie, capota y patucos a juego. &nbsp;<\/p>","protected":false},"featured_media":3277,"comment_status":"open","ping_status":"closed","template":"","meta":{"_acf_changed":false},"product_brand":[],"product_cat":[16,22],"product_tag":[115],"class_list":{"0":"post-1913","1":"product","2":"type-product","3":"status-publish","4":"has-post-thumbnail","6":"product_cat-new-born-0-3-meses","7":"product_cat-bodys","8":"product_tag-por-encargo","10":"first","11":"instock","12":"taxable","13":"shipping-taxable","14":"purchasable","15":"product-type-variable"},"acf":[],"_links":{"self":[{"href":"https:\/\/petite-isabel.com\/en\/wp-json\/wp\/v2\/product\/1913","targetHints":{"allow":["GET"]}}],"collection":[{"href":"https:\/\/petite-isabel.com\/en\/wp-json\/wp\/v2\/product"}],"about":[{"href":"https:\/\/petite-isabel.com\/en\/wp-json\/wp\/v2\/types\/product"}],"replies":[{"embeddable":true,"href":"https:\/\/petite-isabel.com\/en\/wp-json\/wp\/v2\/comments?post=1913"}],"wp:featuredmedia":[{"embeddable":true,"href":"https:\/\/petite-isabel.com\/en\/wp-json\/wp\/v2\/media\/3277"}],"wp:attachment":[{"href":"https:\/\/petite-isabel.com\/en\/wp-json\/wp\/v2\/media?parent=1913"}],"wp:term":[{"taxonomy":"product_brand","embeddable":true,"href":"https:\/\/petite-isabel.com\/en\/wp-json\/wp\/v2\/product_brand?post=1913"},{"taxonomy":"product_cat","embeddable":true,"href":"https:\/\/petite-isabel.com\/en\/wp-json\/wp\/v2\/product_cat?post=1913"},{"taxonomy":"product_tag","embeddable":true,"href":"https:\/\/petite-isabel.com\/en\/wp-json\/wp\/v2\/product_tag?post=1913"}],"curies":[{"name":"wp","href":"https:\/\/api.w.org\/{rel}","templated":true}]}}