{"id":2309,"date":"2024-12-20T10:09:52","date_gmt":"2024-12-20T09:09:52","guid":{"rendered":"https:\/\/petite-isabel.com\/?post_type=product&#038;p=2309"},"modified":"2025-05-14T12:20:19","modified_gmt":"2025-05-14T10:20:19","slug":"faldon-isabel","status":"publish","type":"product","link":"https:\/\/petite-isabel.com\/en\/product\/faldon-isabel\/","title":{"rendered":"Isabel skirt"},"content":{"rendered":"<p>Este tradicional fald\u00f3n completo presenta dos bajadas de pasacintas con lazo raso rosa beb\u00e9 acabado en los hombros. El lazo de raso le da un toque cl\u00e1sico y sosticado. Luce una manga en forma de ala con la misma tira bordada que en el bajo y escote. El juego de tira bordada lo hace \u00fanico y femenino. Este modelo puede usarse tanto para el uso diario como para ocasiones especiales. Puedes a\u00f1adirle un jersey debajo para temporadas mas fr\u00edas.<\/p>","protected":false},"excerpt":{"rendered":"<p>Este tradicional fald\u00f3n completo presenta dos bajadas de pasacintas con lazo raso rosa beb\u00e9 acabado en los hombros. El lazo de raso le da un toque cl\u00e1sico y sosticado. Luce una manga en forma de ala con la misma tira bordada que en el bajo y escote. El juego de tira bordada lo hace \u00fanico [&hellip;]<\/p>","protected":false},"featured_media":2310,"comment_status":"open","ping_status":"closed","template":"","meta":{"_acf_changed":false},"product_brand":[],"product_cat":[16,23],"product_tag":[],"class_list":{"0":"post-2309","1":"product","2":"type-product","3":"status-publish","4":"has-post-thumbnail","6":"product_cat-new-born-0-3-meses","7":"product_cat-faldones","9":"first","10":"outofstock","11":"taxable","12":"shipping-taxable","13":"purchasable","14":"product-type-simple"},"acf":[],"_links":{"self":[{"href":"https:\/\/petite-isabel.com\/en\/wp-json\/wp\/v2\/product\/2309","targetHints":{"allow":["GET"]}}],"collection":[{"href":"https:\/\/petite-isabel.com\/en\/wp-json\/wp\/v2\/product"}],"about":[{"href":"https:\/\/petite-isabel.com\/en\/wp-json\/wp\/v2\/types\/product"}],"replies":[{"embeddable":true,"href":"https:\/\/petite-isabel.com\/en\/wp-json\/wp\/v2\/comments?post=2309"}],"wp:featuredmedia":[{"embeddable":true,"href":"https:\/\/petite-isabel.com\/en\/wp-json\/wp\/v2\/media\/2310"}],"wp:attachment":[{"href":"https:\/\/petite-isabel.com\/en\/wp-json\/wp\/v2\/media?parent=2309"}],"wp:term":[{"taxonomy":"product_brand","embeddable":true,"href":"https:\/\/petite-isabel.com\/en\/wp-json\/wp\/v2\/product_brand?post=2309"},{"taxonomy":"product_cat","embeddable":true,"href":"https:\/\/petite-isabel.com\/en\/wp-json\/wp\/v2\/product_cat?post=2309"},{"taxonomy":"product_tag","embeddable":true,"href":"https:\/\/petite-isabel.com\/en\/wp-json\/wp\/v2\/product_tag?post=2309"}],"curies":[{"name":"wp","href":"https:\/\/api.w.org\/{rel}","templated":true}]}}