{"id":2491,"date":"2025-02-20T12:25:24","date_gmt":"2025-02-20T11:25:24","guid":{"rendered":"https:\/\/petite-isabel.com\/?post_type=product&#038;p=2491"},"modified":"2025-11-05T09:30:36","modified_gmt":"2025-11-05T08:30:36","slug":"conjunto-bodoques-nina-gris","status":"publish","type":"product","link":"https:\/\/petite-isabel.com\/en\/product\/conjunto-bodoques-nina-gris\/","title":{"rendered":"Conjunto de punto ni\u00f1o bodoques | gris"},"content":{"rendered":"<p>Jersey de punto con bodoques para reci\u00e9n nacido, ideal para mantener a tu beb\u00e9 abrigada y elegante desde su primer d\u00eda. Este delicado jersey disponible en 4 colores est\u00e1 elaborado en suave tejido de punto con detalle de peque\u00f1as bolitas en la zona central, lo que aporta un toque dulce y sofisticado.<span class=\"Apple-converted-space\">\u00a0<\/span><\/p>\n<p>Puedes combinar nuestro jersey con nuestra camisa espiga disponible en estos colores: gris, blanco, rosa y celeste.<\/p>\n<p><em>Este set incluye capota y patudos a juego.<\/em><\/p>","protected":false},"excerpt":{"rendered":"<p>&nbsp;<\/p>\n<p>&nbsp;<\/p>\n<p>&nbsp;<\/p>","protected":false},"featured_media":3291,"comment_status":"open","ping_status":"closed","template":"","meta":{"_acf_changed":false},"product_brand":[],"product_cat":[17,18,16],"product_tag":[115],"class_list":{"0":"post-2491","1":"product","2":"type-product","3":"status-publish","4":"has-post-thumbnail","6":"product_cat-punto","7":"product_cat-conjuntos","8":"product_cat-new-born-0-3-meses","9":"product_tag-por-encargo","11":"first","12":"instock","13":"taxable","14":"shipping-taxable","15":"purchasable","16":"product-type-simple"},"acf":[],"_links":{"self":[{"href":"https:\/\/petite-isabel.com\/en\/wp-json\/wp\/v2\/product\/2491","targetHints":{"allow":["GET"]}}],"collection":[{"href":"https:\/\/petite-isabel.com\/en\/wp-json\/wp\/v2\/product"}],"about":[{"href":"https:\/\/petite-isabel.com\/en\/wp-json\/wp\/v2\/types\/product"}],"replies":[{"embeddable":true,"href":"https:\/\/petite-isabel.com\/en\/wp-json\/wp\/v2\/comments?post=2491"}],"wp:featuredmedia":[{"embeddable":true,"href":"https:\/\/petite-isabel.com\/en\/wp-json\/wp\/v2\/media\/3291"}],"wp:attachment":[{"href":"https:\/\/petite-isabel.com\/en\/wp-json\/wp\/v2\/media?parent=2491"}],"wp:term":[{"taxonomy":"product_brand","embeddable":true,"href":"https:\/\/petite-isabel.com\/en\/wp-json\/wp\/v2\/product_brand?post=2491"},{"taxonomy":"product_cat","embeddable":true,"href":"https:\/\/petite-isabel.com\/en\/wp-json\/wp\/v2\/product_cat?post=2491"},{"taxonomy":"product_tag","embeddable":true,"href":"https:\/\/petite-isabel.com\/en\/wp-json\/wp\/v2\/product_tag?post=2491"}],"curies":[{"name":"wp","href":"https:\/\/api.w.org\/{rel}","templated":true}]}}