{"id":2592,"date":"2025-05-02T18:10:41","date_gmt":"2025-05-02T16:10:41","guid":{"rendered":"https:\/\/petite-isabel.com\/?post_type=product&#038;p=2592"},"modified":"2025-05-14T12:19:31","modified_gmt":"2025-05-14T10:19:31","slug":"faldon-espiga","status":"publish","type":"product","link":"https:\/\/petite-isabel.com\/en\/product\/faldon-espiga\/","title":{"rendered":"Fald\u00f3n espiga rosa"},"content":{"rendered":"<p>Este fald\u00f3n sin mangas es una pieza de gran delicadeza y elegancia, dise\u00f1ada para evocar una est\u00e9tica atemporal y sofisticada. La parte superior del fald\u00f3n est\u00e1 adornada con una tira bordada que recorre de manera delicada el cuello y las mangas, aportando un toque de distinci\u00f3n y complejidad al conjunto. En la zona del pecho, las costureras cuidan al detalle el bordado con forma de espiga en tonos rosa con hilos de alta calidad, creando una textura sutil que contrasta con la suavidad del tejido base. A\u00f1adiendo unas jaretas finas en l\u00edneas verticales que permiten un ajuste sutil y elegante.<\/p>\n<p>En los hombros, se encuentran unos lazos en tonos rosas que aportan una sensaci\u00f3n de ligereza y fluidez al conjunto. El lazo, con su forma delicada, a\u00f1ade un toque juvenil y encantador, realzando la feminidad de la prenda.<\/p>\n<p>Este fald\u00f3n es un ejemplo perfecto de la fusi\u00f3n entre lo tradicional y lo contempor\u00e1neo, logrando un equilibrio entre la belleza atemporal de sus detalles bordados y la frescura moderna de su corte sin mangas. Es una prenda que exuda delicadeza, destacando por su atenci\u00f3n al detalle y la perfecci\u00f3n en su dise\u00f1o.<\/p>","protected":false},"excerpt":{"rendered":"<p>Este fald\u00f3n sin mangas es una pieza de gran delicadeza y elegancia, dise\u00f1ada para evocar una est\u00e9tica atemporal y sofisticada. La parte superior del fald\u00f3n est\u00e1 adornada con una tira bordada que recorre de manera delicada el cuello y las mangas, aportando un toque de distinci\u00f3n y complejidad al conjunto. En la zona del pecho, [&hellip;]<\/p>","protected":false},"featured_media":2824,"comment_status":"open","ping_status":"closed","template":"","meta":{"_acf_changed":false},"product_brand":[],"product_cat":[16,23],"product_tag":[],"class_list":{"0":"post-2592","1":"product","2":"type-product","3":"status-publish","4":"has-post-thumbnail","6":"product_cat-new-born-0-3-meses","7":"product_cat-faldones","9":"first","10":"instock","11":"taxable","12":"shipping-taxable","13":"purchasable","14":"product-type-variable"},"acf":[],"_links":{"self":[{"href":"https:\/\/petite-isabel.com\/en\/wp-json\/wp\/v2\/product\/2592","targetHints":{"allow":["GET"]}}],"collection":[{"href":"https:\/\/petite-isabel.com\/en\/wp-json\/wp\/v2\/product"}],"about":[{"href":"https:\/\/petite-isabel.com\/en\/wp-json\/wp\/v2\/types\/product"}],"replies":[{"embeddable":true,"href":"https:\/\/petite-isabel.com\/en\/wp-json\/wp\/v2\/comments?post=2592"}],"wp:featuredmedia":[{"embeddable":true,"href":"https:\/\/petite-isabel.com\/en\/wp-json\/wp\/v2\/media\/2824"}],"wp:attachment":[{"href":"https:\/\/petite-isabel.com\/en\/wp-json\/wp\/v2\/media?parent=2592"}],"wp:term":[{"taxonomy":"product_brand","embeddable":true,"href":"https:\/\/petite-isabel.com\/en\/wp-json\/wp\/v2\/product_brand?post=2592"},{"taxonomy":"product_cat","embeddable":true,"href":"https:\/\/petite-isabel.com\/en\/wp-json\/wp\/v2\/product_cat?post=2592"},{"taxonomy":"product_tag","embeddable":true,"href":"https:\/\/petite-isabel.com\/en\/wp-json\/wp\/v2\/product_tag?post=2592"}],"curies":[{"name":"wp","href":"https:\/\/api.w.org\/{rel}","templated":true}]}}