{"id":2629,"date":"2025-05-02T18:13:15","date_gmt":"2025-05-02T16:13:15","guid":{"rendered":"https:\/\/petite-isabel.com\/?post_type=product&#038;p=2629"},"modified":"2025-11-19T13:54:29","modified_gmt":"2025-11-19T12:54:29","slug":"ranita-nube","status":"publish","type":"product","link":"https:\/\/petite-isabel.com\/en\/product\/ranita-nube\/","title":{"rendered":"Ranita nube"},"content":{"rendered":"<p>Os presentamos esta ranita sin mangas para los d\u00edas c\u00e1lidos. El dise\u00f1o de esta ranita destaca por sus dos bajadas de tira bordada, que recorren de manera elegante la parte frontal de la prenda, a\u00f1adiendo un toque de distinci\u00f3n y delicadeza. La tira bordada, con detalles finos y sutiles, aporta un aire cl\u00e1sico y refinado, mientras que el corte de la ranita asegura comodidad y libertad de movimiento para el beb\u00e9. Es una opci\u00f3n perfecta para ocasiones especiales o para el d\u00eda a d\u00eda, combinando estilo y confort.<\/p>\n<p><em>Para los d\u00edas m\u00e1s fr\u00edos puedes a\u00f1adirle un jersey de lana perl\u00e9.<\/em><\/p>\n<p>Presenta una espiga bordada a mano en tonos celestes en la zona del cuello y mangas as\u00ed combinamos elegancia y comodidad diaria.<\/p>","protected":false},"excerpt":{"rendered":"<p>Os presentamos esta ranita sin mangas para los d\u00edas c\u00e1lidos. El dise\u00f1o de esta ranita destaca por sus dos bajadas de tira bordada, que recorren de manera elegante la parte frontal de la prenda, a\u00f1adiendo un toque de distinci\u00f3n y delicadeza. La tira bordada, con detalles finos y sutiles, aporta un aire cl\u00e1sico y refinado, [&hellip;]<\/p>","protected":false},"featured_media":2819,"comment_status":"open","ping_status":"closed","template":"","meta":{"_acf_changed":false},"product_brand":[],"product_cat":[31,16,25,28],"product_tag":[],"class_list":{"0":"post-2629","1":"product","2":"type-product","3":"status-publish","4":"has-post-thumbnail","6":"product_cat-ranitas-bebe-nina","7":"product_cat-new-born-0-3-meses","8":"product_cat-ranitas","9":"product_cat-bebe-3-24-meses","11":"first","12":"instock","13":"taxable","14":"shipping-taxable","15":"purchasable","16":"product-type-variable"},"acf":[],"_links":{"self":[{"href":"https:\/\/petite-isabel.com\/en\/wp-json\/wp\/v2\/product\/2629","targetHints":{"allow":["GET"]}}],"collection":[{"href":"https:\/\/petite-isabel.com\/en\/wp-json\/wp\/v2\/product"}],"about":[{"href":"https:\/\/petite-isabel.com\/en\/wp-json\/wp\/v2\/types\/product"}],"replies":[{"embeddable":true,"href":"https:\/\/petite-isabel.com\/en\/wp-json\/wp\/v2\/comments?post=2629"}],"wp:featuredmedia":[{"embeddable":true,"href":"https:\/\/petite-isabel.com\/en\/wp-json\/wp\/v2\/media\/2819"}],"wp:attachment":[{"href":"https:\/\/petite-isabel.com\/en\/wp-json\/wp\/v2\/media?parent=2629"}],"wp:term":[{"taxonomy":"product_brand","embeddable":true,"href":"https:\/\/petite-isabel.com\/en\/wp-json\/wp\/v2\/product_brand?post=2629"},{"taxonomy":"product_cat","embeddable":true,"href":"https:\/\/petite-isabel.com\/en\/wp-json\/wp\/v2\/product_cat?post=2629"},{"taxonomy":"product_tag","embeddable":true,"href":"https:\/\/petite-isabel.com\/en\/wp-json\/wp\/v2\/product_tag?post=2629"}],"curies":[{"name":"wp","href":"https:\/\/api.w.org\/{rel}","templated":true}]}}