{"id":2675,"date":"2025-05-02T09:01:53","date_gmt":"2025-05-02T07:01:53","guid":{"rendered":"https:\/\/petite-isabel.com\/?post_type=product&#038;p=2675"},"modified":"2025-11-18T17:49:01","modified_gmt":"2025-11-18T16:49:01","slug":"vestido-julie-vichy-flor","status":"publish","type":"product","link":"https:\/\/petite-isabel.com\/en\/product\/vestido-julie-vichy-flor\/","title":{"rendered":"Vestido Juliet | vichy flor"},"content":{"rendered":"<p>Os presentamos un vestido de ni\u00f1a con un estilo encantador y a su vez elegante. Se abrocha en la parte trasera del vestido con unos botones de n\u00e1car.<span class=\"Apple-converted-space\">\u00a0<\/span><\/p>\n<p>El vestido cuenta con unas mangas abullonadas que a\u00f1aden un toque de volumen y sofisticaci\u00f3n, terminando con un peque\u00f1o pu\u00f1o ajustado. El cuerpo de la prenda tiene un corte ajustado en la parte superior, lo que resalta la figura de manera sutil y se va abriendo suavemente hacia el bajo, que este presenta un delicado volante aportando movimiento. Confeccionado con un cuello que tiene una forma cuadrada ofreciendo as\u00ed un toque moderno y delicado.<span class=\"Apple-converted-space\">\u00a0<\/span><\/p>\n<p>Dise\u00f1ado con colores asociados con la naturaleza como el azul cielo, el rojo burdeos de la flor y el rosa pastel que transmite un toque suave y sereno.<\/p>\n<p>El conjunto es ideal tanto para ocasiones especiales como para el d\u00eda a d\u00eda. Este vestido presenta braguita hasta la talla 3y. Si desea a\u00f1adir braguita para las siguientes edades enviados un correo a <a href=\"mailto:pedidos@petite-isabel.com\">pedidos@petite-isabel.com<\/a><\/p>\n<p><strong>*Nuestros vestidos tienen 6cm de bajo para sacar cuando la ni\u00f1a crezca y garantizar la durabilidad*<\/strong><\/p>","protected":false},"excerpt":{"rendered":"<p>\u2022 Tela 100% algod\u00f3n<br \/>\n\u2022 Detalle de volantes<br \/>\n\u2022 Destaca su manga farol<br \/>\n\u2022 Fabricado de forma sostenible en Espa\u00f1a<\/p>","protected":false},"featured_media":2877,"comment_status":"open","ping_status":"closed","template":"","meta":{"_acf_changed":false},"product_brand":[],"product_cat":[142,144,140],"product_tag":[],"class_list":{"0":"post-2675","1":"product","2":"type-product","3":"status-publish","4":"has-post-thumbnail","6":"product_cat-bebe-nina-verano","7":"product_cat-nina-verano","8":"product_cat-verano","10":"first","11":"instock","12":"taxable","13":"shipping-taxable","14":"purchasable","15":"product-type-variable"},"acf":[],"_links":{"self":[{"href":"https:\/\/petite-isabel.com\/en\/wp-json\/wp\/v2\/product\/2675","targetHints":{"allow":["GET"]}}],"collection":[{"href":"https:\/\/petite-isabel.com\/en\/wp-json\/wp\/v2\/product"}],"about":[{"href":"https:\/\/petite-isabel.com\/en\/wp-json\/wp\/v2\/types\/product"}],"replies":[{"embeddable":true,"href":"https:\/\/petite-isabel.com\/en\/wp-json\/wp\/v2\/comments?post=2675"}],"wp:featuredmedia":[{"embeddable":true,"href":"https:\/\/petite-isabel.com\/en\/wp-json\/wp\/v2\/media\/2877"}],"wp:attachment":[{"href":"https:\/\/petite-isabel.com\/en\/wp-json\/wp\/v2\/media?parent=2675"}],"wp:term":[{"taxonomy":"product_brand","embeddable":true,"href":"https:\/\/petite-isabel.com\/en\/wp-json\/wp\/v2\/product_brand?post=2675"},{"taxonomy":"product_cat","embeddable":true,"href":"https:\/\/petite-isabel.com\/en\/wp-json\/wp\/v2\/product_cat?post=2675"},{"taxonomy":"product_tag","embeddable":true,"href":"https:\/\/petite-isabel.com\/en\/wp-json\/wp\/v2\/product_tag?post=2675"}],"curies":[{"name":"wp","href":"https:\/\/api.w.org\/{rel}","templated":true}]}}