{"id":2739,"date":"2025-05-02T13:28:41","date_gmt":"2025-05-02T11:28:41","guid":{"rendered":"https:\/\/petite-isabel.com\/?post_type=product&#038;p=2739"},"modified":"2026-04-15T13:27:31","modified_gmt":"2026-04-15T11:27:31","slug":"peto-chris","status":"publish","type":"product","link":"https:\/\/petite-isabel.com\/en\/product\/peto-chris\/","title":{"rendered":"Peto Chris"},"content":{"rendered":"<p>Os presentamos nuestro peto b\u00e1sico que no puede faltar en tu armario de verano. Esta prenda esta dise\u00f1ada para ser fresquita, brind\u00e1ndonoslas libertad de movimiento para que el ni\u00f1o pueda jugar y moverse con facilidad.<\/p>\n<p>El peto se ajusta en la zona del pecho mediante botones a juego con el tejido, lo que no solo facilita su puesta y retirada, sino que tambi\u00e9n le otorga un toque de encanto y funcionalidad. Es una opci\u00f3n vers\u00e1til, perfecta para actividades al aire libre, paseos o cualquier ocasi\u00f3n informal, ofreciendo una prenda ligera, moderna y f\u00e1cil de combinar que el ni\u00f1o pueda jugar y moverse con facilidad.<\/p>\n<p>Presenta un falso bolsillo en la parte trasera del pantal\u00f3n para darle un toque m\u00e1s juvenil.<\/p>\n<p>Hemos querido dise\u00f1ar este peto en tonos blancos para los d\u00edas de verano. El color blanco evoca frescura y ligereza.<\/p>","protected":false},"excerpt":{"rendered":"<ul>\n<li>Tela gabardina 100% algod\u00f3n<span class=\"Apple-converted-space\">\u00a0<\/span><\/li>\n<li>Detalle de botones<span class=\"Apple-converted-space\">\u00a0<\/span><\/li>\n<li>Fabricado de forma sostenible en Espa\u00f1a<\/li>\n<\/ul>","protected":false},"featured_media":2894,"comment_status":"open","ping_status":"closed","template":"","meta":{"_acf_changed":false},"product_brand":[],"product_cat":[141,145,140],"product_tag":[],"class_list":{"0":"post-2739","1":"product","2":"type-product","3":"status-publish","4":"has-post-thumbnail","6":"product_cat-bebe-nino-verano","7":"product_cat-nino-verano","8":"product_cat-verano","10":"first","11":"instock","12":"taxable","13":"shipping-taxable","14":"purchasable","15":"product-type-variable"},"acf":[],"_links":{"self":[{"href":"https:\/\/petite-isabel.com\/en\/wp-json\/wp\/v2\/product\/2739","targetHints":{"allow":["GET"]}}],"collection":[{"href":"https:\/\/petite-isabel.com\/en\/wp-json\/wp\/v2\/product"}],"about":[{"href":"https:\/\/petite-isabel.com\/en\/wp-json\/wp\/v2\/types\/product"}],"replies":[{"embeddable":true,"href":"https:\/\/petite-isabel.com\/en\/wp-json\/wp\/v2\/comments?post=2739"}],"wp:featuredmedia":[{"embeddable":true,"href":"https:\/\/petite-isabel.com\/en\/wp-json\/wp\/v2\/media\/2894"}],"wp:attachment":[{"href":"https:\/\/petite-isabel.com\/en\/wp-json\/wp\/v2\/media?parent=2739"}],"wp:term":[{"taxonomy":"product_brand","embeddable":true,"href":"https:\/\/petite-isabel.com\/en\/wp-json\/wp\/v2\/product_brand?post=2739"},{"taxonomy":"product_cat","embeddable":true,"href":"https:\/\/petite-isabel.com\/en\/wp-json\/wp\/v2\/product_cat?post=2739"},{"taxonomy":"product_tag","embeddable":true,"href":"https:\/\/petite-isabel.com\/en\/wp-json\/wp\/v2\/product_tag?post=2739"}],"curies":[{"name":"wp","href":"https:\/\/api.w.org\/{rel}","templated":true}]}}