{"id":3335,"date":"2025-11-06T12:49:40","date_gmt":"2025-11-06T11:49:40","guid":{"rendered":"https:\/\/petite-isabel.com\/?post_type=product&#038;p=3335"},"modified":"2025-11-24T14:30:34","modified_gmt":"2025-11-24T13:30:34","slug":"braguita-4-botones-escoces-azul-copia","status":"publish","type":"product","link":"https:\/\/petite-isabel.com\/en\/product\/braguita-4-botones-escoces-azul-copia\/","title":{"rendered":"Braguita 4 botones | Escoc\u00e9s"},"content":{"rendered":"<p data-start=\"224\" data-end=\"484\">Nuestras braguitas de 4 botones son un b\u00e1sico imprescindible para los looks m\u00e1s especiales de la temporada. Confeccionadas en cuadros escoceses con un suave tejido 100% algod\u00f3n, destacan por su dise\u00f1o cl\u00e1sico y dulce, perfecto para combinar con camisas, leotardos y jerseys.<\/p>\n<p data-start=\"486\" data-end=\"692\">Presentan <strong data-start=\"496\" data-end=\"518\">volantes laterales<\/strong>, cintura el\u00e1stica para mayor comodidad y un detalle frontal de <strong data-start=\"582\" data-end=\"608\">botoncitos decorativos<\/strong> que aporta un toque elegante y tradicional.<\/p>\n<p data-start=\"486\" data-end=\"692\">Disponibles en dos preciosos colores: <strong data-start=\"695\" data-end=\"711\">Escoc\u00e9s rojo y Escoc\u00e9s azul.<\/strong><\/p>\n<p data-start=\"823\" data-end=\"929\">Una prenda c\u00f3moda, vers\u00e1til y con un aire atemporal que no puede faltar en el armario de los m\u00e1s peque\u00f1os.<\/p>","protected":false},"excerpt":{"rendered":"<p>&nbsp;<\/p>\n<p>&nbsp;<\/p>\n<p>&nbsp;<\/p>\n<p>&nbsp;<\/p>\n<p>&nbsp;<\/p>","protected":false},"featured_media":3603,"comment_status":"open","ping_status":"closed","template":"","meta":{"_acf_changed":false},"product_brand":[],"product_cat":[29,54,60,62,28,34],"product_tag":[],"class_list":{"0":"post-3335","1":"product","2":"type-product","3":"status-publish","4":"has-post-thumbnail","6":"product_cat-bebe-nina","7":"product_cat-celebracion","8":"product_cat-coleccion-escocesrojo-celebracion","9":"product_cat-coleccion-escocesazul-celebracion","10":"product_cat-bebe-3-24-meses","11":"product_cat-braguitas","13":"first","14":"instock","15":"taxable","16":"shipping-taxable","17":"purchasable","18":"product-type-variable"},"acf":[],"_links":{"self":[{"href":"https:\/\/petite-isabel.com\/en\/wp-json\/wp\/v2\/product\/3335","targetHints":{"allow":["GET"]}}],"collection":[{"href":"https:\/\/petite-isabel.com\/en\/wp-json\/wp\/v2\/product"}],"about":[{"href":"https:\/\/petite-isabel.com\/en\/wp-json\/wp\/v2\/types\/product"}],"replies":[{"embeddable":true,"href":"https:\/\/petite-isabel.com\/en\/wp-json\/wp\/v2\/comments?post=3335"}],"wp:featuredmedia":[{"embeddable":true,"href":"https:\/\/petite-isabel.com\/en\/wp-json\/wp\/v2\/media\/3603"}],"wp:attachment":[{"href":"https:\/\/petite-isabel.com\/en\/wp-json\/wp\/v2\/media?parent=3335"}],"wp:term":[{"taxonomy":"product_brand","embeddable":true,"href":"https:\/\/petite-isabel.com\/en\/wp-json\/wp\/v2\/product_brand?post=3335"},{"taxonomy":"product_cat","embeddable":true,"href":"https:\/\/petite-isabel.com\/en\/wp-json\/wp\/v2\/product_cat?post=3335"},{"taxonomy":"product_tag","embeddable":true,"href":"https:\/\/petite-isabel.com\/en\/wp-json\/wp\/v2\/product_tag?post=3335"}],"curies":[{"name":"wp","href":"https:\/\/api.w.org\/{rel}","templated":true}]}}