{"id":845,"date":"2024-11-13T11:45:29","date_gmt":"2024-11-13T10:45:29","guid":{"rendered":"https:\/\/petite-isabel.com\/?post_type=product&#038;p=845"},"modified":"2025-05-02T14:23:11","modified_gmt":"2025-05-02T12:23:11","slug":"vestido-de-nidos-bari","status":"publish","type":"product","link":"https:\/\/petite-isabel.com\/en\/product\/vestido-de-nidos-bari\/","title":{"rendered":"Vestido Bari"},"content":{"rendered":"<p class=\"p1\">Una pieza ideal para que tu peque\u00f1a destaque maravillosamente. Este set a\u00f1ade un toque de elegancia y versatilidad al armario de tu peque\u00f1a, convirti\u00e9ndolo en una pieza esencial para cualquier ocasi\u00f3n. Est\u00e1 forrado con forro de algod\u00f3n para mayor comodidad y se abrocha en la parte trasera del vestido. Este elegante jesusito presenta exquisitos detalles:<\/p>\n<p class=\"p1\">&#8211; Dos bajadas de tira bordada blanca de un grosor de 2cm de ancho<span class=\"Apple-converted-space\">\u00a0<\/span><\/p>\n<p class=\"p1\">&#8211; Un cuello peter pan blanco le da un toque de calidez al estampado.<span class=\"Apple-converted-space\">\u00a0<\/span><\/p>\n<p class=\"p1\">&#8211; Un ancho en la manga de tela batista que lo hace cl\u00e1sico.<span class=\"Apple-converted-space\">\u00a0<\/span><\/p>\n<p class=\"p4\"><b>Nuestros vestidos tienen 6cm en el bajo para sacar cuando la ni\u00f1a crezca y as\u00ed garantizar la durabilidad.<\/b><\/p>\n<p>&nbsp;<\/p>","protected":false},"excerpt":{"rendered":"<p>&nbsp;<\/p>\n<p>&nbsp;<\/p>\n<p>&nbsp;<\/p>\n<p>&nbsp;<\/p>","protected":false},"featured_media":2141,"comment_status":"open","ping_status":"closed","template":"","meta":{"_acf_changed":false},"product_brand":[],"product_cat":[29,40,54,43,15,28,39],"product_tag":[],"class_list":{"0":"post-845","1":"product","2":"type-product","3":"status-publish","4":"has-post-thumbnail","6":"product_cat-bebe-nina","7":"product_cat-nina","8":"product_cat-celebracion","9":"product_cat-vestidos-essentials","10":"product_cat-vestidos-bebe-nina","11":"product_cat-bebe-3-24-meses","12":"product_cat-nina-o-3-6-anos","14":"first","15":"instock","16":"taxable","17":"shipping-taxable","18":"purchasable","19":"product-type-variable"},"acf":[],"_links":{"self":[{"href":"https:\/\/petite-isabel.com\/en\/wp-json\/wp\/v2\/product\/845","targetHints":{"allow":["GET"]}}],"collection":[{"href":"https:\/\/petite-isabel.com\/en\/wp-json\/wp\/v2\/product"}],"about":[{"href":"https:\/\/petite-isabel.com\/en\/wp-json\/wp\/v2\/types\/product"}],"replies":[{"embeddable":true,"href":"https:\/\/petite-isabel.com\/en\/wp-json\/wp\/v2\/comments?post=845"}],"wp:featuredmedia":[{"embeddable":true,"href":"https:\/\/petite-isabel.com\/en\/wp-json\/wp\/v2\/media\/2141"}],"wp:attachment":[{"href":"https:\/\/petite-isabel.com\/en\/wp-json\/wp\/v2\/media?parent=845"}],"wp:term":[{"taxonomy":"product_brand","embeddable":true,"href":"https:\/\/petite-isabel.com\/en\/wp-json\/wp\/v2\/product_brand?post=845"},{"taxonomy":"product_cat","embeddable":true,"href":"https:\/\/petite-isabel.com\/en\/wp-json\/wp\/v2\/product_cat?post=845"},{"taxonomy":"product_tag","embeddable":true,"href":"https:\/\/petite-isabel.com\/en\/wp-json\/wp\/v2\/product_tag?post=845"}],"curies":[{"name":"wp","href":"https:\/\/api.w.org\/{rel}","templated":true}]}}