{"id":1435,"date":"2024-11-19T10:03:27","date_gmt":"2024-11-19T09:03:27","guid":{"rendered":"https:\/\/petite-isabel.com\/?page_id=1435"},"modified":"2025-05-07T10:43:32","modified_gmt":"2025-05-07T08:43:32","slug":"envios-y-entregas","status":"publish","type":"page","link":"https:\/\/petite-isabel.com\/es\/envios-y-entregas\/","title":{"rendered":"Env\u00edos y entregas"},"content":{"rendered":"\t\t<div data-elementor-type=\"wp-page\" data-elementor-id=\"1435\" class=\"elementor elementor-1435\" data-elementor-post-type=\"page\">\n\t\t\t\t<div class=\"elementor-element elementor-element-10574f57 e-flex e-con-boxed e-con e-parent\" data-id=\"10574f57\" data-element_type=\"container\">\n\t\t\t\t\t<div class=\"e-con-inner\">\n\t\t\t\t<div class=\"elementor-element elementor-element-b4f950e elementor-widget elementor-widget-heading\" data-id=\"b4f950e\" data-element_type=\"widget\" data-widget_type=\"heading.default\">\n\t\t\t\t<div class=\"elementor-widget-container\">\n\t\t\t\t\t<h1 class=\"elementor-heading-title elementor-size-default\">Env\u00edos y entregas<\/h1>\t\t\t\t<\/div>\n\t\t\t\t<\/div>\n\t\t\t\t<div class=\"elementor-element elementor-element-5cce6cd tabla elementor-widget elementor-widget-text-editor\" data-id=\"5cce6cd\" data-element_type=\"widget\" data-widget_type=\"text-editor.default\">\n\t\t\t\t<div class=\"elementor-widget-container\">\n\t\t\t\t\t\t\t\t\t<div style=\"text-align: center;\"><div>En nuestra tienda apostamos por una moda infantil diferente: artesanal, responsable y hecha con amor. Todas nuestras prendas se confeccionan a mano en talleres locales en Espa\u00f1a, una a una, y algunas bajo pedido.<em>\u00a0El proceso lleva unos 10 d\u00edas, porque creemos que las cosas buenas toman su tiempo<\/em>.<\/div><div>\u00a0<\/div><div>Elegimos esta forma de trabajar para reducir residuos, evitar la sobreproducci\u00f3n y cuidar del planeta donde crecer\u00e1n nuestros peques. Usamos materiales sostenibles y apostamos por una producci\u00f3n \u00e9tica que respeta tanto a las personas como al entorno.<\/div><div>\u00a0<\/div><div>Gracias por apoyar un modelo de consumo m\u00e1s lento, m\u00e1s humano y m\u00e1s bonito.<\/div><div>\u00a0<\/div>En Petite Isabel realizamos env\u00edos a todo el mundo. En la tabla a continuaci\u00f3n, encontrar\u00e1s los precios de env\u00edo hacia los destinos nacionales e internacionales m\u00e1s comunes, para que puedas tener una referencia. Si tu zona no aparece en la lista, no te preocupes: puedes completar el proceso de pedido sin llegar a pagar para obtener una cotizaci\u00f3n exacta para tu ubicaci\u00f3n. \u00a1Llegamos a donde t\u00fa est\u00e9s!<\/div><div style=\"text-align: center;\">\u00a0<\/div><div>\u00a0<\/div><table><thead><tr><th>Nacional<\/th><th>Peso<\/th><th>Precio<\/th><\/tr><\/thead><tbody><tr><td>(1) Espa\u00f1a<\/td><td>2kg<\/td><td>4,87 \u20ac<\/td><\/tr><tr><td>(2) Palma de Mallorca<\/td><td>2kg<\/td><td>5,96 \u20ac<\/td><\/tr><tr><td>(3) Andorra<\/td><td>2kg<\/td><td>10,49 \u20ac<\/td><\/tr><tr><td>(4) Islas Canarias<\/td><td>2kg<\/td><td>11,92 \u20ac<\/td><\/tr><\/tbody><\/table><table><thead><tr><th>Internacional<\/th><th>Peso<\/th><th>Precio<\/th><\/tr><tr><td>En general<\/td><td>Desde 21,56\u20ac<\/td><td>Hasta 48,27\u20ac<\/td><\/tr><tr><td>Alemania (DE)<\/td><td>1,5kg<\/td><td>22,03 \u20ac<\/td><\/tr><tr><td>Reino Unido (GB)*1<\/td><td>1,5kg<\/td><td>22,03 \u20ac<\/td><\/tr><tr><td>Reino Unido (GB)*2<\/td><td>1,5kg<\/td><td>28,03 \u20ac<\/td><\/tr><tr><td>Estados Unidos (US)<\/td><td>1,5kg<\/td><td>32,54 \u20ac<\/td><\/tr><tr><td>Francia (FR)<\/td><td>1,5kg<\/td><td>22,03 \u20ac<\/td><\/tr><tr><td>Italia (IT)<\/td><td>1,5kg<\/td><td>22,03 \u20ac<\/td><\/tr><tr><td>Irlanda (IE)<\/td><td>1,5kg<\/td><td>23,13 \u20ac<\/td><\/tr><tr><td>M\u00e9xico (MX)<\/td><td>1,5kg<\/td><td>35,25 \u20ac<\/td><\/tr><tr><td>Qatar (QA)<\/td><td>1,5kg<\/td><td>35,25 \u20ac<\/td><\/tr><tr><td>Suiza (CH)<\/td><td>1,5kg<\/td><td>29,38 \u20ac<\/td><\/tr><tr><td>Venezuela (VE)<\/td><td>1,5kg<\/td><td>35,25 \u20ac<\/td><\/tr><tr><td>Argentina (AR)<\/td><td>1,5kg<\/td><td>35,25 \u20ac<\/td><\/tr><tr><td>Emir.\u00c1rabes Unidos (AE)<\/td><td>1,5kg<\/td><td>29,38 \u20ac<\/td><\/tr><tr><td>Jap\u00f3n (JP)<\/td><td>1,5kg<\/td><td>28,03 \u20ac<\/td><\/tr><tr><td>China (CN)<\/td><td>1,5kg<\/td><td>35,25 \u20ac<\/td><\/tr><\/thead><\/table>\t\t\t\t\t\t\t\t<\/div>\n\t\t\t\t<\/div>\n\t\t\t\t\t<\/div>\n\t\t\t\t<\/div>\n\t\t\t\t<\/div>\n\t\t","protected":false},"excerpt":{"rendered":"<p>En nuestra tienda apostamos por una moda infantil diferente: artesanal, responsable y hecha con amor. Todas nuestras prendas se confeccionan a mano en talleres locales en Espa\u00f1a, una a una, y algunas bajo pedido.\u00a0El proceso lleva unos 10 d\u00edas, porque creemos que las cosas buenas toman su tiempo.\u00a0Elegimos esta forma de trabajar para reducir residuos, [&hellip;]<\/p>\n","protected":false},"author":2,"featured_media":0,"parent":0,"menu_order":0,"comment_status":"closed","ping_status":"closed","template":"","meta":{"_acf_changed":false,"footnotes":""},"class_list":["post-1435","page","type-page","status-publish","hentry"],"acf":[],"_links":{"self":[{"href":"https:\/\/petite-isabel.com\/es\/wp-json\/wp\/v2\/pages\/1435","targetHints":{"allow":["GET"]}}],"collection":[{"href":"https:\/\/petite-isabel.com\/es\/wp-json\/wp\/v2\/pages"}],"about":[{"href":"https:\/\/petite-isabel.com\/es\/wp-json\/wp\/v2\/types\/page"}],"author":[{"embeddable":true,"href":"https:\/\/petite-isabel.com\/es\/wp-json\/wp\/v2\/users\/2"}],"replies":[{"embeddable":true,"href":"https:\/\/petite-isabel.com\/es\/wp-json\/wp\/v2\/comments?post=1435"}],"version-history":[{"count":28,"href":"https:\/\/petite-isabel.com\/es\/wp-json\/wp\/v2\/pages\/1435\/revisions"}],"predecessor-version":[{"id":2959,"href":"https:\/\/petite-isabel.com\/es\/wp-json\/wp\/v2\/pages\/1435\/revisions\/2959"}],"wp:attachment":[{"href":"https:\/\/petite-isabel.com\/es\/wp-json\/wp\/v2\/media?parent=1435"}],"curies":[{"name":"wp","href":"https:\/\/api.w.org\/{rel}","templated":true}]}}