{"id":148,"date":"2024-10-29T18:58:49","date_gmt":"2024-10-29T17:58:49","guid":{"rendered":"https:\/\/petite-isabel.com\/?page_id=148"},"modified":"2024-11-21T13:26:06","modified_gmt":"2024-11-21T12:26:06","slug":"sobre-petite-isabel","status":"publish","type":"page","link":"https:\/\/petite-isabel.com\/es\/sobre-petite-isabel\/","title":{"rendered":"Sobre Petite Isabel"},"content":{"rendered":"\t\t<div data-elementor-type=\"wp-page\" data-elementor-id=\"148\" class=\"elementor elementor-148\" data-elementor-post-type=\"page\">\n\t\t\t\t<div class=\"elementor-element elementor-element-7c347da e-con-full e-flex e-con e-parent\" data-id=\"7c347da\" data-element_type=\"container\" data-settings=\"{&quot;background_background&quot;:&quot;classic&quot;}\">\n\t\t<div class=\"elementor-element elementor-element-86c896e e-con-full e-flex e-con e-child\" data-id=\"86c896e\" data-element_type=\"container\">\n\t\t\t\t<div class=\"elementor-element elementor-element-9752925 elementor-widget elementor-widget-image\" data-id=\"9752925\" data-element_type=\"widget\" data-widget_type=\"image.default\">\n\t\t\t\t<div class=\"elementor-widget-container\">\n\t\t\t\t\t\t\t\t\t\t\t\t\t\t\t<img fetchpriority=\"high\" decoding=\"async\" width=\"683\" height=\"1024\" src=\"https:\/\/petite-isabel.com\/wp-content\/uploads\/2024\/11\/Sobre-Petite-Isabel-683x1024.webp\" class=\"attachment-large size-large wp-image-1274\" alt=\"\" srcset=\"https:\/\/petite-isabel.com\/wp-content\/uploads\/2024\/11\/Sobre-Petite-Isabel-683x1024.webp 683w, https:\/\/petite-isabel.com\/wp-content\/uploads\/2024\/11\/Sobre-Petite-Isabel-200x300.webp 200w, https:\/\/petite-isabel.com\/wp-content\/uploads\/2024\/11\/Sobre-Petite-Isabel-768x1151.webp 768w, https:\/\/petite-isabel.com\/wp-content\/uploads\/2024\/11\/Sobre-Petite-Isabel-1025x1536.webp 1025w, https:\/\/petite-isabel.com\/wp-content\/uploads\/2024\/11\/Sobre-Petite-Isabel-1366x2048.webp 1366w, https:\/\/petite-isabel.com\/wp-content\/uploads\/2024\/11\/Sobre-Petite-Isabel-8x12.webp 8w, https:\/\/petite-isabel.com\/wp-content\/uploads\/2024\/11\/Sobre-Petite-Isabel-600x900.webp 600w, https:\/\/petite-isabel.com\/wp-content\/uploads\/2024\/11\/Sobre-Petite-Isabel-scaled.webp 1708w\" sizes=\"(max-width: 683px) 100vw, 683px\" \/>\t\t\t\t\t\t\t\t\t\t\t\t\t\t\t<\/div>\n\t\t\t\t<\/div>\n\t\t\t\t<\/div>\n\t\t<div class=\"elementor-element elementor-element-3368d39 e-con-full e-flex e-con e-child\" data-id=\"3368d39\" data-element_type=\"container\">\n\t\t<div class=\"elementor-element elementor-element-73552a6 e-flex e-con-boxed e-con e-child\" data-id=\"73552a6\" data-element_type=\"container\">\n\t\t\t\t\t<div class=\"e-con-inner\">\n\t\t\t\t<div class=\"elementor-element elementor-element-8a7c46c elementor-widget elementor-widget-heading\" data-id=\"8a7c46c\" data-element_type=\"widget\" data-widget_type=\"heading.default\">\n\t\t\t\t<div class=\"elementor-widget-container\">\n\t\t\t\t\t<h1 class=\"elementor-heading-title elementor-size-default\">La historia de Petite Isabel,\namor por la moda infantil\ncl\u00e1sica. <\/h1>\t\t\t\t<\/div>\n\t\t\t\t<\/div>\n\t\t\t\t<div class=\"elementor-element elementor-element-da1e1f0 elementor-widget elementor-widget-text-editor\" data-id=\"da1e1f0\" data-element_type=\"widget\" data-widget_type=\"text-editor.default\">\n\t\t\t\t<div class=\"elementor-widget-container\">\n\t\t\t\t\t\t\t\t\t<p>Petite Isabel naci\u00f3 de la pasi\u00f3n de su fundadora, Mar\u00eda Isabel Casas, por la moda infantil cl\u00e1sica. Despu\u00e9s de dise\u00f1ar los trajes de bautizo para sus hijos y encargar a medida diferentes prendas por las que a menudo le preguntaban por la calle o le hac\u00edan saber lo bonitas que resultaban, Mar\u00eda decidi\u00f3 convertir su ilusi\u00f3n en una marca que pudiera ofrecer al mundo la elegancia, dise\u00f1o y calidad de la moda infantil espa\u00f1ola.<\/p><p>Inspirada por sus hijos y por la tradici\u00f3n de la ropa hecha a mano, Mar\u00eda se embarc\u00f3 en esta aventura para crear prendas \u00fanicas, exclusivas y con detalles cuidados que se transmiten de generaci\u00f3n en generaci\u00f3n. Cada prenda de Petite Isabel est\u00e1 hecha a mano en Espa\u00f1a, con tejidos de calidad y un dise\u00f1o que busca destacar la belleza de lo cl\u00e1sico.<\/p><p>\u201cNuestra misi\u00f3n es ofrecer ropa infantil de alta calidad, hecha a mano en Espa\u00f1a, que combine elegancia, tradici\u00f3n y sostenibilidad. Queremos que las familias encuentren en nuestras prendas una opci\u00f3n duradera, atemporal y perfecta para cada ocasi\u00f3n\u201d.<\/p><p>Las prendas de Petite Isabel se realizan bajo pedido para reducir residuos y cuidar el medio ambiente, fomentando as\u00ed una producci\u00f3n consciente y m\u00e1s sostenible, evitando producir en masa y haci\u00e9ndolo de una manera personalizada y personal. \u201cTu pedido est\u00e1 confeccionado para t\u00ed con mucho amor desde los talleres de nuestras modistas\u201d<\/p>\t\t\t\t\t\t\t\t<\/div>\n\t\t\t\t<\/div>\n\t\t\t\t\t<\/div>\n\t\t\t\t<\/div>\n\t\t\t\t<\/div>\n\t\t\t\t<\/div>\n\t\t<div class=\"elementor-element elementor-element-82400df e-con-full e-flex e-con e-parent\" data-id=\"82400df\" data-element_type=\"container\">\n\t\t\t\t<div class=\"elementor-element elementor-element-00168a1 elementor-widget__width-initial elementor-hidden-desktop elementor-widget elementor-widget-text-editor\" data-id=\"00168a1\" data-element_type=\"widget\" data-widget_type=\"text-editor.default\">\n\t\t\t\t<div class=\"elementor-widget-container\">\n\t\t\t\t\t\t\t\t\t<h2>\u201cMe encanta que mis hijos vistan a conjunto con prendas que yo misma he dise\u00f1ado\u201d<\/h2><h4>Mar\u00eda Isabel Casas<\/h4>\t\t\t\t\t\t\t\t<\/div>\n\t\t\t\t<\/div>\n\t\t\t\t<div class=\"elementor-element elementor-element-12131d6 elementor-widget__width-initial elementor-absolute elementor-hidden-tablet elementor-hidden-mobile elementor-widget elementor-widget-text-editor\" data-id=\"12131d6\" data-element_type=\"widget\" data-settings=\"{&quot;_position&quot;:&quot;absolute&quot;}\" data-widget_type=\"text-editor.default\">\n\t\t\t\t<div class=\"elementor-widget-container\">\n\t\t\t\t\t\t\t\t\t<h2>\u201cMe encanta que mis hijos vistan a conjunto con prendas que yo misma he dise\u00f1ado\u201d<\/h2><h4>Mar\u00eda Isabel Casas<\/h4>\t\t\t\t\t\t\t\t<\/div>\n\t\t\t\t<\/div>\n\t\t\t\t<div class=\"elementor-element elementor-element-e4eba40 elementor-widget__width-inherit elementor-widget elementor-widget-image\" data-id=\"e4eba40\" data-element_type=\"widget\" data-widget_type=\"image.default\">\n\t\t\t\t<div class=\"elementor-widget-container\">\n\t\t\t\t\t\t\t\t\t\t\t\t\t\t\t<img decoding=\"async\" width=\"800\" height=\"534\" src=\"https:\/\/petite-isabel.com\/wp-content\/uploads\/2024\/11\/Coleccion-navidad-1024x683.webp\" class=\"attachment-large size-large wp-image-1275\" alt=\"\" srcset=\"https:\/\/petite-isabel.com\/wp-content\/uploads\/2024\/11\/Coleccion-navidad-1024x683.webp 1024w, https:\/\/petite-isabel.com\/wp-content\/uploads\/2024\/11\/Coleccion-navidad-300x200.webp 300w, https:\/\/petite-isabel.com\/wp-content\/uploads\/2024\/11\/Coleccion-navidad-768x512.webp 768w, https:\/\/petite-isabel.com\/wp-content\/uploads\/2024\/11\/Coleccion-navidad-1536x1024.webp 1536w, https:\/\/petite-isabel.com\/wp-content\/uploads\/2024\/11\/Coleccion-navidad-2048x1366.webp 2048w, https:\/\/petite-isabel.com\/wp-content\/uploads\/2024\/11\/Coleccion-navidad-18x12.webp 18w, https:\/\/petite-isabel.com\/wp-content\/uploads\/2024\/11\/Coleccion-navidad-600x400.webp 600w\" sizes=\"(max-width: 800px) 100vw, 800px\" \/>\t\t\t\t\t\t\t\t\t\t\t\t\t\t\t<\/div>\n\t\t\t\t<\/div>\n\t\t\t\t<div class=\"elementor-element elementor-element-c34cea6 elementor-absolute elementor-widget elementor-widget-button\" data-id=\"c34cea6\" data-element_type=\"widget\" data-settings=\"{&quot;_position&quot;:&quot;absolute&quot;}\" data-widget_type=\"button.default\">\n\t\t\t\t<div class=\"elementor-widget-container\">\n\t\t\t\t\t\t\t\t\t<div class=\"elementor-button-wrapper\">\n\t\t\t\t\t<a class=\"elementor-button elementor-button-link elementor-size-sm\" href=\"https:\/\/petite-isabel.com\/es\/categoria-producto\/celebracion\/\">\n\t\t\t\t\t\t<span class=\"elementor-button-content-wrapper\">\n\t\t\t\t\t\t\t\t\t<span class=\"elementor-button-text\">Decubre la Colecci\u00f3n de Navidad<\/span>\n\t\t\t\t\t<\/span>\n\t\t\t\t\t<\/a>\n\t\t\t\t<\/div>\n\t\t\t\t\t\t\t\t<\/div>\n\t\t\t\t<\/div>\n\t\t\t\t<\/div>\n\t\t\t\t<\/div>\n\t\t","protected":false},"excerpt":{"rendered":"<p>La historia de Petite Isabel, amor por la moda infantil cl\u00e1sica. Petite Isabel naci\u00f3 de la pasi\u00f3n de su fundadora, Mar\u00eda Isabel Casas, por la moda infantil cl\u00e1sica. Despu\u00e9s de dise\u00f1ar los trajes de bautizo para sus hijos y encargar a medida diferentes prendas por las que a menudo le preguntaban por la calle o [&hellip;]<\/p>\n","protected":false},"author":1,"featured_media":0,"parent":0,"menu_order":0,"comment_status":"closed","ping_status":"closed","template":"","meta":{"_acf_changed":false,"footnotes":""},"class_list":["post-148","page","type-page","status-publish","hentry"],"acf":[],"_links":{"self":[{"href":"https:\/\/petite-isabel.com\/es\/wp-json\/wp\/v2\/pages\/148","targetHints":{"allow":["GET"]}}],"collection":[{"href":"https:\/\/petite-isabel.com\/es\/wp-json\/wp\/v2\/pages"}],"about":[{"href":"https:\/\/petite-isabel.com\/es\/wp-json\/wp\/v2\/types\/page"}],"author":[{"embeddable":true,"href":"https:\/\/petite-isabel.com\/es\/wp-json\/wp\/v2\/users\/1"}],"replies":[{"embeddable":true,"href":"https:\/\/petite-isabel.com\/es\/wp-json\/wp\/v2\/comments?post=148"}],"version-history":[{"count":13,"href":"https:\/\/petite-isabel.com\/es\/wp-json\/wp\/v2\/pages\/148\/revisions"}],"predecessor-version":[{"id":1569,"href":"https:\/\/petite-isabel.com\/es\/wp-json\/wp\/v2\/pages\/148\/revisions\/1569"}],"wp:attachment":[{"href":"https:\/\/petite-isabel.com\/es\/wp-json\/wp\/v2\/media?parent=148"}],"curies":[{"name":"wp","href":"https:\/\/api.w.org\/{rel}","templated":true}]}}