{"id":15,"date":"2024-10-15T14:45:10","date_gmt":"2024-10-15T12:45:10","guid":{"rendered":"http:\/\/petite-isabel.com\/carrito\/"},"modified":"2024-11-11T14:16:47","modified_gmt":"2024-11-11T13:16:47","slug":"carrito","status":"publish","type":"page","link":"https:\/\/petite-isabel.com\/es\/carrito\/","title":{"rendered":"Carrito"},"content":{"rendered":"\t\t<div data-elementor-type=\"wp-page\" data-elementor-id=\"15\" class=\"elementor elementor-15\" data-elementor-post-type=\"page\">\n\t\t\t\t<div class=\"elementor-element elementor-element-53eeaaa5 e-flex e-con-boxed e-con e-parent\" data-id=\"53eeaaa5\" data-element_type=\"container\">\n\t\t\t\t\t<div class=\"e-con-inner\">\n\t\t\t\t<div class=\"elementor-element elementor-element-5fb2f49 elementor-widget elementor-widget-heading\" data-id=\"5fb2f49\" data-element_type=\"widget\" data-widget_type=\"heading.default\">\n\t\t\t\t<div class=\"elementor-widget-container\">\n\t\t\t\t\t<h1 class=\"elementor-heading-title elementor-size-default\">Carrito<\/h1>\t\t\t\t<\/div>\n\t\t\t\t<\/div>\n\t\t\t\t<div class=\"bapf_products_apply_filters woocommerce elementor-element elementor-element-ee828dc elementor-grid-2 elementor-grid-tablet-2 elementor-grid-mobile-1 elementor-widget elementor-widget-loop-grid\" data-id=\"ee828dc\" data-element_type=\"widget\" data-settings=\"{&quot;_skin&quot;:&quot;product&quot;,&quot;template_id&quot;:685,&quot;columns&quot;:2,&quot;columns_tablet&quot;:&quot;2&quot;,&quot;columns_mobile&quot;:&quot;1&quot;,&quot;edit_handle_selector&quot;:&quot;[data-elementor-type=\\&quot;loop-item\\&quot;]&quot;,&quot;row_gap&quot;:{&quot;unit&quot;:&quot;px&quot;,&quot;size&quot;:&quot;&quot;,&quot;sizes&quot;:[]},&quot;row_gap_tablet&quot;:{&quot;unit&quot;:&quot;px&quot;,&quot;size&quot;:&quot;&quot;,&quot;sizes&quot;:[]},&quot;row_gap_mobile&quot;:{&quot;unit&quot;:&quot;px&quot;,&quot;size&quot;:&quot;&quot;,&quot;sizes&quot;:[]}}\" data-widget_type=\"loop-grid.product\">\n\t\t\t\t<div class=\"elementor-widget-container\">\n\t\t\t\t\t\t\t<div class=\"elementor-loop-container elementor-grid\" role=\"list\">\n\t\t<style id=\"loop-685\">.elementor-685 .elementor-element.elementor-element-d971cfe{--display:flex;--flex-direction:row;--container-widget-width:initial;--container-widget-height:100%;--container-widget-flex-grow:1;--container-widget-align-self:stretch;--flex-wrap-mobile:wrap;--gap:0px 0px;--row-gap:0px;--column-gap:0px;--padding-top:0px;--padding-bottom:0px;--padding-left:0px;--padding-right:0px;}.elementor-685 .elementor-element.elementor-element-d971cfe.e-con{--flex-grow:0;--flex-shrink:0;}.elementor-685 .elementor-element.elementor-element-823577d{width:var( --container-widget-width, 25% );max-width:25%;--container-widget-width:25%;--container-widget-flex-grow:0;}.elementor-685 .elementor-element.elementor-element-823577d.elementor-element{--flex-grow:0;--flex-shrink:0;}.elementor-685 .elementor-element.elementor-element-823577d img{width:100%;max-width:105px;height:105px;object-fit:cover;object-position:center center;}.elementor-685 .elementor-element.elementor-element-c042528{--display:flex;--gap:0px 0px;--row-gap:0px;--column-gap:0px;--padding-top:0px;--padding-bottom:0px;--padding-left:25px;--padding-right:25px;}.elementor-685 .elementor-element.elementor-element-891dd7d .elementor-heading-title{font-family:\"Jost\", Sans-serif;font-size:20px;font-weight:400;line-height:28px;}.elementor-685 .elementor-element.elementor-element-56e5783 > .elementor-widget-container{margin:0px 0px -10px 0px;}.woocommerce .elementor-685 .elementor-element.elementor-element-56e5783 .price{font-family:\"Jost\", Sans-serif;font-size:14px;font-weight:400;line-height:28px;}.elementor-685 .elementor-element.elementor-element-525b1db .cart button, .elementor-685 .elementor-element.elementor-element-525b1db .cart .button{font-family:\"Jost\", Sans-serif;font-size:14px;font-weight:400;line-height:28px;border-style:solid;border-width:1px 1px 1px 1px;border-radius:0px 0px 0px 0px;padding:5px 15px 5px 15px;color:var( --e-global-color-primary );background-color:#FFFFFF;border-color:var( --e-global-color-primary );transition:all 0.2s;}@media(max-width:1024px){.elementor-685 .elementor-element.elementor-element-823577d{width:var( --container-widget-width, 30% );max-width:30%;--container-widget-width:30%;--container-widget-flex-grow:0;}}@media(max-width:767px){.elementor-685 .elementor-element.elementor-element-d971cfe{--flex-wrap:nowrap;}.elementor-685 .elementor-element.elementor-element-823577d{width:var( --container-widget-width, 40% );max-width:40%;--container-widget-width:40%;--container-widget-flex-grow:0;}.elementor-685 .elementor-element.elementor-element-891dd7d .elementor-heading-title{font-size:16px;}.woocommerce .elementor-685 .elementor-element.elementor-element-56e5783 .price{line-height:26px;}.elementor-685 .elementor-element.elementor-element-525b1db .cart button, .elementor-685 .elementor-element.elementor-element-525b1db .cart .button{font-size:12px;line-height:26px;}}<\/style>\t\t<div data-elementor-type=\"loop-item\" data-elementor-id=\"685\" class=\"elementor elementor-685 e-loop-item e-loop-item-677 post-677 product type-product status-publish has-post-thumbnail product_cat-regalos first instock taxable shipping-taxable purchasable product-type-variable\" data-elementor-post-type=\"elementor_library\" data-custom-edit-handle=\"1\">\n\t\t\t<div class=\"elementor-element elementor-element-d971cfe e-con-full e-flex e-con e-parent\" data-id=\"d971cfe\" data-element_type=\"container\">\n\t\t\t\t<div class=\"elementor-element elementor-element-823577d elementor-widget__width-initial elementor-widget-tablet__width-initial elementor-widget-mobile__width-initial elementor-widget elementor-widget-theme-post-featured-image elementor-widget-image\" data-id=\"823577d\" data-element_type=\"widget\" data-widget_type=\"theme-post-featured-image.default\">\n\t\t\t\t<div class=\"elementor-widget-container\">\n\t\t\t\t\t\t\t\t\t\t\t\t\t\t\t\t<a href=\"https:\/\/petite-isabel.com\/es\/producto\/postal-para-dedicatoria\/\">\n\t\t\t\t\t\t\t<img fetchpriority=\"high\" decoding=\"async\" width=\"768\" height=\"1152\" src=\"https:\/\/petite-isabel.com\/wp-content\/uploads\/2024\/11\/Postal-Navidad-768x1152.png\" class=\"attachment-medium_large size-medium_large wp-image-1759\" alt=\"Postal para dedicatoria\" srcset=\"https:\/\/petite-isabel.com\/wp-content\/uploads\/2024\/11\/Postal-Navidad-768x1152.png 768w, https:\/\/petite-isabel.com\/wp-content\/uploads\/2024\/11\/Postal-Navidad-200x300.png 200w, https:\/\/petite-isabel.com\/wp-content\/uploads\/2024\/11\/Postal-Navidad-683x1024.png 683w, https:\/\/petite-isabel.com\/wp-content\/uploads\/2024\/11\/Postal-Navidad-1024x1536.png 1024w, https:\/\/petite-isabel.com\/wp-content\/uploads\/2024\/11\/Postal-Navidad-1366x2048.png 1366w, https:\/\/petite-isabel.com\/wp-content\/uploads\/2024\/11\/Postal-Navidad-8x12.png 8w, https:\/\/petite-isabel.com\/wp-content\/uploads\/2024\/11\/Postal-Navidad-600x900.png 600w, https:\/\/petite-isabel.com\/wp-content\/uploads\/2024\/11\/Postal-Navidad.png 1854w\" sizes=\"(max-width: 768px) 100vw, 768px\" \/>\t\t\t\t\t\t\t\t<\/a>\n\t\t\t\t\t\t\t\t\t\t\t\t\t\t\t<\/div>\n\t\t\t\t<\/div>\n\t\t<div class=\"elementor-element elementor-element-c042528 e-con-full e-flex e-con e-child\" data-id=\"c042528\" data-element_type=\"container\">\n\t\t\t\t<div class=\"elementor-element elementor-element-891dd7d elementor-widget elementor-widget-woocommerce-product-title elementor-page-title elementor-widget-heading\" data-id=\"891dd7d\" data-element_type=\"widget\" data-widget_type=\"woocommerce-product-title.default\">\n\t\t\t\t<div class=\"elementor-widget-container\">\n\t\t\t\t\t<h3 class=\"product_title entry-title elementor-heading-title elementor-size-default\"><a href=\"https:\/\/petite-isabel.com\/es\/producto\/postal-para-dedicatoria\/\">Postal para dedicatoria<\/a><\/h3>\t\t\t\t<\/div>\n\t\t\t\t<\/div>\n\t\t\t\t<div class=\"elementor-element elementor-element-56e5783 elementor-widget elementor-widget-woocommerce-product-price\" data-id=\"56e5783\" data-element_type=\"widget\" data-widget_type=\"woocommerce-product-price.default\">\n\t\t\t\t<div class=\"elementor-widget-container\">\n\t\t\t\t\t<p class=\"price\"><span class=\"woocommerce-Price-amount amount\"><bdi>2,50<span class=\"woocommerce-Price-currencySymbol\">&euro;<\/span><\/bdi><\/span><\/p>\n\t\t\t\t<\/div>\n\t\t\t\t<\/div>\n\t\t\t\t<div class=\"elementor-element elementor-element-525b1db elementor-widget elementor-widget-woocommerce-product-add-to-cart\" data-id=\"525b1db\" data-element_type=\"widget\" data-widget_type=\"woocommerce-product-add-to-cart.default\">\n\t\t\t\t<div class=\"elementor-widget-container\">\n\t\t\t\t\t\n\t\t<div class=\"elementor-add-to-cart elementor-product-variable\">\n\t\t\t\t\t<div class=\"e-loop-add-to-cart-form-container\">\n\t\t\t<form class=\"cart e-loop-add-to-cart-form\">\n\t\t\t\t<a href=\"https:\/\/petite-isabel.com\/es\/producto\/postal-para-dedicatoria\/\" aria-describedby=\"woocommerce_loop_add_to_cart_link_describedby_677\" data-quantity=\"1\" class=\"button product_type_variable add_to_cart_button\" data-product_id=\"677\" data-product_sku=\"\" aria-label=\"Elige las opciones para &ldquo;Postal para dedicatoria&rdquo;\" rel=\"nofollow\">Seleccionar opciones<\/a>\t<span id=\"woocommerce_loop_add_to_cart_link_describedby_677\" class=\"screen-reader-text\">\n\t\tEste producto tiene m\u00faltiples variantes. Las opciones se pueden elegir en la p\u00e1gina de producto\t<\/span>\n\t\t\t<\/form>\n\t\t<\/div>\n\t\t\t\t<\/div>\n\n\t\t\t\t\t\t<\/div>\n\t\t\t\t<\/div>\n\t\t\t\t<\/div>\n\t\t\t\t<\/div>\n\t\t\t\t<\/div>\n\t\t\t\t<div data-elementor-type=\"loop-item\" data-elementor-id=\"685\" class=\"elementor elementor-685 e-loop-item e-loop-item-676 post-676 product type-product status-publish has-post-thumbnail product_cat-regalos  instock taxable shipping-taxable purchasable product-type-simple\" data-elementor-post-type=\"elementor_library\" data-custom-edit-handle=\"1\">\n\t\t\t<div class=\"elementor-element elementor-element-d971cfe e-con-full e-flex e-con e-parent\" data-id=\"d971cfe\" data-element_type=\"container\">\n\t\t\t\t<div class=\"elementor-element elementor-element-823577d elementor-widget__width-initial elementor-widget-tablet__width-initial elementor-widget-mobile__width-initial elementor-widget elementor-widget-theme-post-featured-image elementor-widget-image\" data-id=\"823577d\" data-element_type=\"widget\" data-widget_type=\"theme-post-featured-image.default\">\n\t\t\t\t<div class=\"elementor-widget-container\">\n\t\t\t\t\t\t\t\t\t\t\t\t\t\t\t\t<a href=\"https:\/\/petite-isabel.com\/es\/producto\/caja-para-regalo\/\">\n\t\t\t\t\t\t\t<img decoding=\"async\" width=\"768\" height=\"1152\" src=\"https:\/\/petite-isabel.com\/wp-content\/uploads\/2024\/11\/Sesion-2-petit-Isabel-7-1-768x1152.jpg\" class=\"attachment-medium_large size-medium_large wp-image-2372\" alt=\"Caja regalo | Petite Isabel\" srcset=\"https:\/\/petite-isabel.com\/wp-content\/uploads\/2024\/11\/Sesion-2-petit-Isabel-7-1-768x1152.jpg 768w, https:\/\/petite-isabel.com\/wp-content\/uploads\/2024\/11\/Sesion-2-petit-Isabel-7-1-200x300.jpg 200w, https:\/\/petite-isabel.com\/wp-content\/uploads\/2024\/11\/Sesion-2-petit-Isabel-7-1-683x1024.jpg 683w, https:\/\/petite-isabel.com\/wp-content\/uploads\/2024\/11\/Sesion-2-petit-Isabel-7-1-1024x1536.jpg 1024w, https:\/\/petite-isabel.com\/wp-content\/uploads\/2024\/11\/Sesion-2-petit-Isabel-7-1-1365x2048.jpg 1365w, https:\/\/petite-isabel.com\/wp-content\/uploads\/2024\/11\/Sesion-2-petit-Isabel-7-1-8x12.jpg 8w, https:\/\/petite-isabel.com\/wp-content\/uploads\/2024\/11\/Sesion-2-petit-Isabel-7-1-600x900.jpg 600w, https:\/\/petite-isabel.com\/wp-content\/uploads\/2024\/11\/Sesion-2-petit-Isabel-7-1-scaled.jpg 1707w\" sizes=\"(max-width: 768px) 100vw, 768px\" \/>\t\t\t\t\t\t\t\t<\/a>\n\t\t\t\t\t\t\t\t\t\t\t\t\t\t\t<\/div>\n\t\t\t\t<\/div>\n\t\t<div class=\"elementor-element elementor-element-c042528 e-con-full e-flex e-con e-child\" data-id=\"c042528\" data-element_type=\"container\">\n\t\t\t\t<div class=\"elementor-element elementor-element-891dd7d elementor-widget elementor-widget-woocommerce-product-title elementor-page-title elementor-widget-heading\" data-id=\"891dd7d\" data-element_type=\"widget\" data-widget_type=\"woocommerce-product-title.default\">\n\t\t\t\t<div class=\"elementor-widget-container\">\n\t\t\t\t\t<h3 class=\"product_title entry-title elementor-heading-title elementor-size-default\"><a href=\"https:\/\/petite-isabel.com\/es\/producto\/caja-para-regalo\/\">Caja para regalo<\/a><\/h3>\t\t\t\t<\/div>\n\t\t\t\t<\/div>\n\t\t\t\t<div class=\"elementor-element elementor-element-56e5783 elementor-widget elementor-widget-woocommerce-product-price\" data-id=\"56e5783\" data-element_type=\"widget\" data-widget_type=\"woocommerce-product-price.default\">\n\t\t\t\t<div class=\"elementor-widget-container\">\n\t\t\t\t\t<p class=\"price\"><span class=\"woocommerce-Price-amount amount\"><bdi>10,95<span class=\"woocommerce-Price-currencySymbol\">&euro;<\/span><\/bdi><\/span><\/p>\n\t\t\t\t<\/div>\n\t\t\t\t<\/div>\n\t\t\t\t<div class=\"elementor-element elementor-element-525b1db elementor-widget elementor-widget-woocommerce-product-add-to-cart\" data-id=\"525b1db\" data-element_type=\"widget\" data-widget_type=\"woocommerce-product-add-to-cart.default\">\n\t\t\t\t<div class=\"elementor-widget-container\">\n\t\t\t\t\t\n\t\t<div class=\"elementor-add-to-cart elementor-product-simple\">\n\t\t\t\t\t<div class=\"e-loop-add-to-cart-form-container\">\n\t\t\t<form class=\"cart e-loop-add-to-cart-form\">\n\t\t\t\t<a href=\"\/es\/wp-json\/wp\/v2\/pages\/15?add-to-cart=676\" aria-describedby=\"woocommerce_loop_add_to_cart_link_describedby_676\" data-quantity=\"1\" class=\"button product_type_simple add_to_cart_button ajax_add_to_cart\" data-product_id=\"676\" data-product_sku=\"\" aria-label=\"A\u00f1adir al carrito: &ldquo;Caja para regalo&rdquo;\" rel=\"nofollow\" data-success_message=\"\u00abCaja para regalo\u00bb se ha a\u00f1adido a tu carrito\" role=\"button\">A\u00f1adir al carrito<\/a>\t<span id=\"woocommerce_loop_add_to_cart_link_describedby_676\" class=\"screen-reader-text\">\n\t\t\t<\/span>\n\t\t\t<\/form>\n\t\t<\/div>\n\t\t\t\t<\/div>\n\n\t\t\t\t\t\t<\/div>\n\t\t\t\t<\/div>\n\t\t\t\t<\/div>\n\t\t\t\t<\/div>\n\t\t\t\t<\/div>\n\t\t\t\t<\/div>\n\t\t\n\t\t\t\t\t\t<\/div>\n\t\t\t\t<\/div>\n\t\t\t\t<div class=\"elementor-element elementor-element-1e29b65 elementor-widget-divider--view-line elementor-widget elementor-widget-divider\" data-id=\"1e29b65\" data-element_type=\"widget\" data-widget_type=\"divider.default\">\n\t\t\t\t<div class=\"elementor-widget-container\">\n\t\t\t\t\t\t\t<div class=\"elementor-divider\">\n\t\t\t<span class=\"elementor-divider-separator\">\n\t\t\t\t\t\t<\/span>\n\t\t<\/div>\n\t\t\t\t\t\t<\/div>\n\t\t\t\t<\/div>\n\t\t\t\t\t<\/div>\n\t\t\t\t<\/div>\n\t\t\t\t<\/div>\n\t\t","protected":false},"excerpt":{"rendered":"<p>Eliminar art\u00edculo Imagen en miniatura Producto Precio Cantidad Subtotal &times; Vestido escoc\u00e9s Oliva | Rojo &#8211; 4A 149,95&euro; Vestido escoc\u00e9s Oliva | Rojo &#8211; 4A cantidad 149,95&euro; &times; Vestido escoc\u00e9s Oliva | Rojo &#8211; 3A 149,95&euro; Vestido escoc\u00e9s Oliva | Rojo &#8211; 3A cantidad 149,95&euro; &times; Vestido escoc\u00e9s Oliva | Rojo &#8211; 5A 149,95&euro; Vestido [&hellip;]<\/p>\n","protected":false},"author":1,"featured_media":0,"parent":0,"menu_order":0,"comment_status":"closed","ping_status":"closed","template":"","meta":{"_acf_changed":false,"footnotes":""},"class_list":["post-15","page","type-page","status-publish","hentry"],"acf":[],"_links":{"self":[{"href":"https:\/\/petite-isabel.com\/es\/wp-json\/wp\/v2\/pages\/15","targetHints":{"allow":["GET"]}}],"collection":[{"href":"https:\/\/petite-isabel.com\/es\/wp-json\/wp\/v2\/pages"}],"about":[{"href":"https:\/\/petite-isabel.com\/es\/wp-json\/wp\/v2\/types\/page"}],"author":[{"embeddable":true,"href":"https:\/\/petite-isabel.com\/es\/wp-json\/wp\/v2\/users\/1"}],"replies":[{"embeddable":true,"href":"https:\/\/petite-isabel.com\/es\/wp-json\/wp\/v2\/comments?post=15"}],"version-history":[{"count":19,"href":"https:\/\/petite-isabel.com\/es\/wp-json\/wp\/v2\/pages\/15\/revisions"}],"predecessor-version":[{"id":698,"href":"https:\/\/petite-isabel.com\/es\/wp-json\/wp\/v2\/pages\/15\/revisions\/698"}],"wp:attachment":[{"href":"https:\/\/petite-isabel.com\/es\/wp-json\/wp\/v2\/media?parent=15"}],"curies":[{"name":"wp","href":"https:\/\/api.w.org\/{rel}","templated":true}]}}