{"id":3,"date":"2024-10-16T11:17:49","date_gmt":"2024-10-16T09:17:49","guid":{"rendered":"http:\/\/petite-isabel.com\/?page_id=3"},"modified":"2024-11-05T11:53:14","modified_gmt":"2024-11-05T10:53:14","slug":"politica-de-privacidad","status":"publish","type":"page","link":"https:\/\/petite-isabel.com\/es\/politica-de-privacidad\/","title":{"rendered":"Pol\u00edtica de Privacidad"},"content":{"rendered":"\n<ol class=\"wp-block-list\">\n<li><strong>Informaci\u00f3n al Usuario<\/strong><\/li>\n<\/ol>\n\n\n\n<p><strong>Mar\u00eda Isabel Casas Iglesias<\/strong>, en su condici\u00f3n de responsable de la p\u00e1gina web <a href=\"http:\/\/www.petiteisabel.com\" target=\"_blank\" rel=\"noopener\">www.petiteisabel.com<\/a> vela por la protecci\u00f3n de tus datos personales, poniendo a disposici\u00f3n de los usuarios e interesados la correspondiente pol\u00edtica que establece c\u00f3mo \u00e9stos se tratan y protegen.&nbsp;&nbsp;<\/p>\n\n\n\n<p><strong>\u00bfQui\u00e9n es el responsable del tratamiento de tus datos personales?<\/strong><\/p>\n\n\n\n<p><strong>Mar\u00eda Isabel Casas Iglesias<\/strong>, con DNI 53.908.220-S y domicilio social sito en la localidad de Madrid, calle Pintor Rosales, n\u00famero 38, (28008) Madrid, es la <strong>responsable <\/strong>(en caso de eventos propios) y <strong>encargada <\/strong>(en caso de eventos de los usuarios) del tratamiento de los datos personales del <strong>usuario<\/strong>, informando en todo caso de que estos datos ser\u00e1n tratados de conformidad con lo dispuesto en el Reglamento (UE) 2016\/679, de 27 de abril, General de Protecci\u00f3n de Datos (en adelante, <strong>\u201cRGPD\u201d<\/strong>) y la Ley Org\u00e1nica 3\/2018, de 5 de diciembre, de Protecci\u00f3n de Datos Personales y Garant\u00eda de los Derechos Digitales (en adelante, <strong>\u201cLOPDPGDD\u201d<\/strong>).<\/p>\n\n\n\n<p>Puede contactar con nosotros para tratar cualquier asunto relacionado con la pol\u00edtica de privacidad a trav\u00e9s del correo electr\u00f3nico <a href=\"mailto:info@petite-isabel.com\">info@petite-isabel.com<\/a> y el n\u00famero de tel\u00e9fono +34 620 39 94 18&nbsp;<\/p>\n\n\n\n<p><strong>\u00bfPara qu\u00e9 tratamos tus datos personales?&nbsp;<\/strong><\/p>\n\n\n\n<p>Para mantener una relaci\u00f3n comercial con los clientes. Los datos recogidos a trav\u00e9s del sitio web de <strong>Petite Isabel<\/strong> se tratar\u00e1n con las siguientes finalidades:<\/p>\n\n\n\n<ul class=\"wp-block-list\">\n<li>Gestionar y desarrollar el registro en el sitio web.<\/li>\n<\/ul>\n\n\n\n<ul class=\"wp-block-list\">\n<li>Tramitar encargos, solicitudes, gestionar y desarrollar la compra online, en su caso, o cualquier tipo de petici\u00f3n que sea realizada por el Cliente a trav\u00e9s de cualquiera de las formas de contacto, online o presencial.<\/li>\n<\/ul>\n\n\n\n<ul class=\"wp-block-list\">\n<li>Gestionar cuantas comunicaciones, quejas, reclamaciones, etc., se puedan presentar ante <strong>Petite Isabel<\/strong> a trav\u00e9s de su Servicio de Atenci\u00f3n al Cliente, o bien por otro medio h\u00e1bil a tal fin.<\/li>\n<\/ul>\n\n\n\n<ul class=\"wp-block-list\">\n<li>En caso de haber aceptado las cookies, recopilamos cierta informaci\u00f3n de tu dispositivo, como el navegador web, la direcci\u00f3n IP, tu zona horaria, c\u00f3mo interact\u00faas con el sitio web, y dem\u00e1s informaci\u00f3n que consta en la Pol\u00edtica de Cookies. Para m\u00e1s informaci\u00f3n sobre las cookies puedes acceder a nuestra Pol\u00edtica de Cookies aqu\u00ed: [Insertar link]<\/li>\n<\/ul>\n\n\n\n<p><strong>\u00bfC\u00f3mo hemos obtenido tus datos?<\/strong><\/p>\n\n\n\n<p>Los datos personales que trata <strong>Mar\u00eda Isabel Casas Iglesias<\/strong> han sido directamente proporcionados por los interesados.<\/p>\n\n\n\n<p>Las categor\u00edas de datos tratados son b\u00e1sicamente:<\/p>\n\n\n\n<ul class=\"wp-block-list\">\n<li>Datos identificativos.<\/li>\n<\/ul>\n\n\n\n<ul class=\"wp-block-list\">\n<li>Direcciones postales y electr\u00f3nicas.<\/li>\n<\/ul>\n\n\n\n<ul class=\"wp-block-list\">\n<li>Informaci\u00f3n comercial.<\/li>\n<\/ul>\n\n\n\n<p><strong>\u00bfDurante cu\u00e1nto tiempo guardaremos tus datos personales?&nbsp;<\/strong><\/p>\n\n\n\n<p>Los datos proporcionados se conservar\u00e1n durante el tiempo estrictamente necesario<\/p>\n\n\n\n<p>para cumplir con la finalidad correspondiente por la cual tratamos tus datos o contin\u00fae vigente la relaci\u00f3n comercial entre las partes y siempre que el titular de aqu\u00e9llos no manifieste su oposici\u00f3n.<\/p>\n\n\n\n<p>Posteriormente, se mantendr\u00e1 la informaci\u00f3n bloqueada durante los a\u00f1os necesarios para cumplir con las obligaciones legales.<\/p>\n\n\n\n<p><strong>\u00bfA qui\u00e9n facilitamos tus datos personales?&nbsp;<\/strong><\/p>\n\n\n\n<p>No est\u00e1 prevista ninguna comunicaci\u00f3n de datos personales a terceros salvo:<\/p>\n\n\n\n<ol class=\"wp-block-list\">\n<li>Cuando \u00e9sta se exija por obligaci\u00f3n legal;<\/li>\n<\/ol>\n\n\n\n<ol class=\"wp-block-list\">\n<li>Cuando operemos con proveedores de servicios de \u2018almacenamiento de datos en la nube\u2019<\/li>\n<\/ol>\n\n\n\n<ol class=\"wp-block-list\">\n<li>Cuando para el propio desarrollo y ejecuci\u00f3n de las finalidades del tratamiento, se requieran comunicaciones a Administraciones P\u00fablicas, bancos y entidades financieras y, asimismo, a nuestros proveedores de servicios o colaboradores, con los cuales tenemos suscritos los contratos de confidencialidad y de encargo de tratamiento de datos exigidos por la normativa vigente de privacidad.<\/li>\n<\/ol>\n\n\n\n<p>Se informa que cualquier transferencia fuera del Espacio Econ\u00f3mico Europeo (en adelante, <strong>\u201cEEE\u201d<\/strong>) se realizar\u00e1 a un destinatario que haya sido declarado de nivel de protecci\u00f3n adecuado por la Comisi\u00f3n Europea. En ausencia de dicha declaraci\u00f3n de adecuaci\u00f3n, se cumplir\u00e1n las garant\u00edas &nbsp; &nbsp; adecuadas, como la firma de Cl\u00e1usulas Contractuales Tipo aprobadas por la Comisi\u00f3n, cuyo contenido puede consultar en el siguiente enlace:<\/p>\n\n\n\n<p>&nbsp;<a href=\"https:\/\/ec.europa.eu\/info\/law\/law-topic\/data-protection\/international-dimension-data-protection\/standard-contractual-clauses-scc_en\" target=\"_blank\" rel=\"noopener\">https:\/\/ec.europa.eu\/info\/law\/law-topic\/data-protection\/international-dimension-data-<\/a> <a href=\"https:\/\/ec.europa.eu\/info\/law\/law-topic\/data-protection\/international-dimension-data-protection\/standard-contractual-clauses-scc_en\" target=\"_blank\" rel=\"noopener\">protection\/standard-contractual-clauses-scc_en<\/a>.<\/p>\n\n\n\n<p><strong>\u00bfCu\u00e1les son tus derechos?<\/strong><\/p>\n\n\n\n<p>Los derechos que asisten al Usuario son:<\/p>\n\n\n\n<ul class=\"wp-block-list\">\n<li>Derecho a retirar el consentimiento en cualquier momento.<\/li>\n<\/ul>\n\n\n\n<ul class=\"wp-block-list\">\n<li>Derecho de acceso, rectificaci\u00f3n, portabilidad y supresi\u00f3n de sus datos, y de limitaci\u00f3n u oposici\u00f3n a su tratamiento y a no ser objeto de decisiones automatizadas.<\/li>\n<\/ul>\n\n\n\n<ul class=\"wp-block-list\">\n<li>Derecho a presentar una reclamaci\u00f3n ante la autoridad de control (i.e., Agencia Espa\u00f1ola de Protecci\u00f3n de Datos; www.aepd.com) si considera que el tratamiento no se ajusta a la normativa vigente.<\/li>\n<\/ul>\n\n\n\n<p>Los datos de contacto para ejercer tus derechos son los siguientes:<\/p>\n\n\n\n<ul class=\"wp-block-list\">\n<li>A\/A Mar\u00eda Isabel Casas Iglesias<\/li>\n\n\n\n<li>Direcci\u00f3n: Calle Pintor Rosales 38, (28008) Madrid.<\/li>\n\n\n\n<li>Email: <a href=\"mailto:info@petite-isabel.com\">info@petite-isabel.com<\/a>\u00a0<\/li>\n<\/ul>\n","protected":false},"excerpt":{"rendered":"<p>Mar\u00eda Isabel Casas Iglesias, en su condici\u00f3n de responsable de la p\u00e1gina web www.petiteisabel.com vela por la protecci\u00f3n de tus datos personales, poniendo a disposici\u00f3n de los usuarios e interesados la correspondiente pol\u00edtica que establece c\u00f3mo \u00e9stos se tratan y protegen.&nbsp;&nbsp; \u00bfQui\u00e9n es el responsable del tratamiento de tus datos personales? Mar\u00eda Isabel Casas Iglesias, [&hellip;]<\/p>\n","protected":false},"author":1,"featured_media":0,"parent":0,"menu_order":0,"comment_status":"closed","ping_status":"closed","template":"","meta":{"_acf_changed":false,"footnotes":""},"class_list":["post-3","page","type-page","status-publish","hentry"],"acf":[],"_links":{"self":[{"href":"https:\/\/petite-isabel.com\/es\/wp-json\/wp\/v2\/pages\/3","targetHints":{"allow":["GET"]}}],"collection":[{"href":"https:\/\/petite-isabel.com\/es\/wp-json\/wp\/v2\/pages"}],"about":[{"href":"https:\/\/petite-isabel.com\/es\/wp-json\/wp\/v2\/types\/page"}],"author":[{"embeddable":true,"href":"https:\/\/petite-isabel.com\/es\/wp-json\/wp\/v2\/users\/1"}],"replies":[{"embeddable":true,"href":"https:\/\/petite-isabel.com\/es\/wp-json\/wp\/v2\/comments?post=3"}],"version-history":[{"count":3,"href":"https:\/\/petite-isabel.com\/es\/wp-json\/wp\/v2\/pages\/3\/revisions"}],"predecessor-version":[{"id":396,"href":"https:\/\/petite-isabel.com\/es\/wp-json\/wp\/v2\/pages\/3\/revisions\/396"}],"wp:attachment":[{"href":"https:\/\/petite-isabel.com\/es\/wp-json\/wp\/v2\/media?parent=3"}],"curies":[{"name":"wp","href":"https:\/\/api.w.org\/{rel}","templated":true}]}}