{"id":72,"date":"2024-10-16T11:09:16","date_gmt":"2024-10-16T09:09:16","guid":{"rendered":"http:\/\/petite-isabel.com\/?page_id=72"},"modified":"2024-11-15T12:06:13","modified_gmt":"2024-11-15T11:06:13","slug":"cambios-y-devoluciones","status":"publish","type":"page","link":"https:\/\/petite-isabel.com\/es\/cambios-y-devoluciones\/","title":{"rendered":"Cambios y devoluciones"},"content":{"rendered":"\n<p>En Petite Isabel queremos que quedes completamente satisfecho con tu compra. Si por&nbsp; alg\u00fan motivo necesitas hacer un cambio o devoluci\u00f3n, te ofrecemos un proceso sencillo. A&nbsp; continuaci\u00f3n, te detallamos nuestras pol\u00edticas:&nbsp;<\/p>\n\n\n\n<p><strong>\u00bfCu\u00e1l es el plazo m\u00e1ximo para cambios y devoluciones?&nbsp;<\/strong><\/p>\n\n\n\n<p class=\"cambios-devoluciones\">El plazo m\u00e1ximo para cambiar o devolver tu compra es de 28 d\u00edas desde la fecha de&nbsp; compra. Para solicitar un cambio o devoluci\u00f3n a trav\u00e9s de este enlace <strong><a href=\"#\">Formulario de &nbsp;cambios y devoluciones<\/a><\/strong>.&nbsp;<\/p>\n\n\n\n<p><strong>\u00bfCu\u00e1les son los requisitos para cambios y devoluciones?&nbsp;<\/strong><\/p>\n\n\n\n<p>\u2022 El art\u00edculo no debe haber sido usado, lavado ni alterado.&nbsp;<\/p>\n\n\n\n<p>\u2022 Debe estar en las mismas condiciones en las que lo recibiste, incluyendo el&nbsp; embalaje original y las etiquetas.&nbsp;<\/p>\n\n\n\n<p>\u2022 Las prendas de la <strong>colecci\u00f3n de Navidad <\/strong>no pueden ser devueltas ni cambiadas,&nbsp; ya que son ediciones limitadas y exclusivas para esa temporada.&nbsp;<\/p>\n\n\n\n<p class=\"fondo-titulo\">Proceso de devoluci\u00f3n\u00a0<\/p>\n\n\n\n<p><strong>\u00bfC\u00f3mo se realiza una devoluci\u00f3n?&nbsp;<\/strong><\/p>\n\n\n\n<p><strong>1. <\/strong><strong>Rellena el formulario web de devoluciones<\/strong><strong>&nbsp;<\/strong><\/p>\n\n\n\n<p class=\"cambios-devoluciones\">Accede a nuestro formulario web (<a href=\"#\">aqu\u00ed<\/a>) para indicarnos los productos que vas a devolver,&nbsp; indicando tu e-mail o tel\u00e9fono y el n\u00famero de pedido. Sigue los pasos que se indican.&nbsp;<\/p>\n\n\n\n<p><strong>2. <\/strong><strong>Contrata a un mensajero<\/strong><strong>&nbsp;<\/strong><\/p>\n\n\n\n<p>Los gastos de devoluci\u00f3n correr\u00e1n a cargo del cliente. Aseg\u00farate de realizar el env\u00edo a la&nbsp; direcci\u00f3n que te indicamos en el formulario:&nbsp;&nbsp;<\/p>\n\n\n\n<p><strong>3. <\/strong><strong>Prepara tu paquete <\/strong><strong>&nbsp;<\/strong><\/p>\n\n\n\n<p>Empaqueta los art\u00edculos que quieres devolver en una caja en buenas condiciones y bien&nbsp; cerrado. Te recomendamos utilizar el packaging donde recibiste nuestras prendas.&nbsp;<\/p>\n\n\n\n<p><strong>\u00bfCu\u00e1ndo y c\u00f3mo recibir\u00e9 el importe de mi devoluci\u00f3n?&nbsp;<\/strong><\/p>\n\n\n\n<p>Recibir\u00e1s el importe mediante la misma forma de pago utilizada en tu compra en&nbsp; un tiempo m\u00e1ximo estimado de 15 d\u00edas desde la confirmaci\u00f3n de la aceptaci\u00f3n de&nbsp; la devoluci\u00f3n, dependiendo de tu entidad bancaria.Una vez recibamos el art\u00edculo y&nbsp; comprobemos que est\u00e1 en perfectas condiciones, procederemos a realizar el&nbsp; reembolso. El importe ser\u00e1 devuelto a trav\u00e9s del mismo m\u00e9todo de pago utilizado&nbsp; en el pedido original.<\/p>\n\n\n\n<p class=\"fondo-titulo\">Proceso de cambio\u00a0<\/p>\n\n\n\n<p><strong>\u00bfC\u00f3mo se realiza un cambio?&nbsp;<\/strong><\/p>\n\n\n\n<p><strong>1. <\/strong><strong>Rellena el formulario web de devoluciones<\/strong><strong>&nbsp;<\/strong><\/p>\n\n\n\n<p class=\"cambios-devoluciones\">Accede a nuestro formulario web (<a href=\"#\">aqu\u00ed<\/a>) para indicarnos los productos que quieres&nbsp; cambiar, indicando tu e-mail o tel\u00e9fono y el n\u00famero de pedido. Sigue los pasos que se&nbsp; indican.&nbsp;<\/p>\n\n\n\n<p><strong>2. <\/strong><strong>Contrata a un mensajero<\/strong><strong>&nbsp;<\/strong><\/p>\n\n\n\n<p>El coste de devoluci\u00f3n de las prendas que no te quedan corren a cuenta del cliente.&nbsp; Aseg\u00farate de realizar el env\u00edo a la direcci\u00f3n que te indicamos en el formulario. Petite&nbsp; Isabel enviar\u00e1 el nuevo paquete sin coste adicional.&nbsp;&nbsp;<\/p>\n\n\n\n<p><strong>3. <\/strong><strong>Disponibilidad de art\u00edculos<\/strong><strong>&nbsp;<\/strong><\/p>\n\n\n\n<p>Si deseas cambiar el art\u00edculo por otro, debes asegurarte de que el nuevo art\u00edculo est\u00e9&nbsp; disponible y esperar los plazos de confecci\u00f3n establecidos. Te notificaremos en caso de&nbsp; que el cambio no sea posible&nbsp;<\/p>\n\n\n\n<p><strong>4. <\/strong><strong>Diferencia de precio (Abono\/Reembolso)<\/strong><strong>&nbsp;<\/strong><\/p>\n\n\n\n<p>Si quieres realizar un cambio de producto, debes asegurarte de que el precio es el mismo,&nbsp; de no ser as\u00ed, contactaremos contigo para hacerte llegar la informaci\u00f3n de pago de la&nbsp; diferencia que debes abonar o reembolsarte el importe si el cambio de producto tiene un&nbsp; importe menor del que compraste.&nbsp;<\/p>\n\n\n\n<p><strong>Si tienes dudas o tu caso es diferente, escr\u00edbenos a <a href=\"mailto:pedidos@petite-isabel.com\">pedidos@petite-isabel.com<\/a><\/strong><\/p>\n","protected":false},"excerpt":{"rendered":"<p>En Petite Isabel queremos que quedes completamente satisfecho con tu compra. Si por&nbsp; alg\u00fan motivo necesitas hacer un cambio o devoluci\u00f3n, te ofrecemos un proceso sencillo. A&nbsp; continuaci\u00f3n, te detallamos nuestras pol\u00edticas:&nbsp; \u00bfCu\u00e1l es el plazo m\u00e1ximo para cambios y devoluciones?&nbsp; El plazo m\u00e1ximo para cambiar o devolver tu compra es de 28 d\u00edas desde [&hellip;]<\/p>\n","protected":false},"author":1,"featured_media":0,"parent":0,"menu_order":0,"comment_status":"closed","ping_status":"closed","template":"","meta":{"_acf_changed":false,"footnotes":""},"class_list":["post-72","page","type-page","status-publish","hentry"],"acf":[],"_links":{"self":[{"href":"https:\/\/petite-isabel.com\/es\/wp-json\/wp\/v2\/pages\/72","targetHints":{"allow":["GET"]}}],"collection":[{"href":"https:\/\/petite-isabel.com\/es\/wp-json\/wp\/v2\/pages"}],"about":[{"href":"https:\/\/petite-isabel.com\/es\/wp-json\/wp\/v2\/types\/page"}],"author":[{"embeddable":true,"href":"https:\/\/petite-isabel.com\/es\/wp-json\/wp\/v2\/users\/1"}],"replies":[{"embeddable":true,"href":"https:\/\/petite-isabel.com\/es\/wp-json\/wp\/v2\/comments?post=72"}],"version-history":[{"count":5,"href":"https:\/\/petite-isabel.com\/es\/wp-json\/wp\/v2\/pages\/72\/revisions"}],"predecessor-version":[{"id":1291,"href":"https:\/\/petite-isabel.com\/es\/wp-json\/wp\/v2\/pages\/72\/revisions\/1291"}],"wp:attachment":[{"href":"https:\/\/petite-isabel.com\/es\/wp-json\/wp\/v2\/media?parent=72"}],"curies":[{"name":"wp","href":"https:\/\/api.w.org\/{rel}","templated":true}]}}