{"id":1020,"date":"2024-11-14T10:54:43","date_gmt":"2024-11-14T09:54:43","guid":{"rendered":"https:\/\/petite-isabel.com\/?post_type=product&#038;p=1020"},"modified":"2025-11-24T14:27:46","modified_gmt":"2025-11-24T13:27:46","slug":"pantalon-dulces-pana-caqui","status":"publish","type":"product","link":"https:\/\/petite-isabel.com\/es\/producto\/pantalon-dulces-pana-caqui\/","title":{"rendered":"Pantal\u00f3n Noel | Pana Caqui"},"content":{"rendered":"<p class=\"p1\">El pantal\u00f3n Noel \u00a0es un verdadero b\u00e1sico de invierno. Elegante y vers\u00e1til de usar, ponerse y quitarse sin esfuerzo. Esta dise\u00f1ado con un pliegue a cada lado con unos lujosos botones de cuero que le da un toque sofisticado. Esta pieza garantiza comodidad y libertad de movimiento en cualquier momento. En la parte trasera tenemos unas gomas el\u00e1sticas que asegura un ajuste ce\u00f1ido y dulce.<\/p>\n<p>&nbsp;<\/p>\n<p><strong>A partir de la talla 2y no lleva gomas por detras.<\/strong><\/p>\n","protected":false},"excerpt":{"rendered":"<p>&nbsp;<\/p>\n<p>&nbsp;<\/p>\n<p>&nbsp;<\/p>\n","protected":false},"featured_media":3598,"comment_status":"open","ping_status":"closed","template":"","meta":{"_acf_changed":false},"product_brand":[],"product_cat":[46,54,60,30,41,28,38,39],"product_tag":[],"class_list":{"0":"post-1020","1":"product","2":"type-product","3":"status-publish","4":"has-post-thumbnail","6":"product_cat-pantalones","7":"product_cat-celebracion","8":"product_cat-coleccion-escocesrojo-celebracion","9":"product_cat-bebe-nino","10":"product_cat-nino","11":"product_cat-bebe-3-24-meses","12":"product_cat-bombachos-pantalones","13":"product_cat-nina-o-3-6-anos","15":"first","16":"instock","17":"taxable","18":"shipping-taxable","19":"purchasable","20":"product-type-variable"},"acf":[],"_links":{"self":[{"href":"https:\/\/petite-isabel.com\/es\/wp-json\/wp\/v2\/product\/1020","targetHints":{"allow":["GET"]}}],"collection":[{"href":"https:\/\/petite-isabel.com\/es\/wp-json\/wp\/v2\/product"}],"about":[{"href":"https:\/\/petite-isabel.com\/es\/wp-json\/wp\/v2\/types\/product"}],"replies":[{"embeddable":true,"href":"https:\/\/petite-isabel.com\/es\/wp-json\/wp\/v2\/comments?post=1020"}],"wp:featuredmedia":[{"embeddable":true,"href":"https:\/\/petite-isabel.com\/es\/wp-json\/wp\/v2\/media\/3598"}],"wp:attachment":[{"href":"https:\/\/petite-isabel.com\/es\/wp-json\/wp\/v2\/media?parent=1020"}],"wp:term":[{"taxonomy":"product_brand","embeddable":true,"href":"https:\/\/petite-isabel.com\/es\/wp-json\/wp\/v2\/product_brand?post=1020"},{"taxonomy":"product_cat","embeddable":true,"href":"https:\/\/petite-isabel.com\/es\/wp-json\/wp\/v2\/product_cat?post=1020"},{"taxonomy":"product_tag","embeddable":true,"href":"https:\/\/petite-isabel.com\/es\/wp-json\/wp\/v2\/product_tag?post=1020"}],"curies":[{"name":"wp","href":"https:\/\/api.w.org\/{rel}","templated":true}]}}