{"id":1095,"date":"2024-11-20T13:49:56","date_gmt":"2024-11-20T12:49:56","guid":{"rendered":"https:\/\/petite-isabel.com\/?post_type=product&#038;p=1095"},"modified":"2025-11-18T17:53:43","modified_gmt":"2025-11-18T16:53:43","slug":"camisa-oliva-celeste","status":"publish","type":"product","link":"https:\/\/petite-isabel.com\/es\/producto\/camisa-oliva-celeste\/","title":{"rendered":"Camisa Oliva"},"content":{"rendered":"<p data-start=\"200\" data-end=\"428\">Nuestra camisa Oliva es una prenda elegante y atemporal, dise\u00f1ada para acompa\u00f1ar los looks m\u00e1s cuidados de los peque\u00f1os. Confeccionada en un tejido suave y ligero, destaca por su ca\u00edda natural y su tacto agradable sobre la piel.<\/p>\n<p data-start=\"430\" data-end=\"724\">Su dise\u00f1o cl\u00e1sico incluye <strong data-start=\"456\" data-end=\"471\">cuello beb\u00e9<\/strong>, manga larga con <strong data-start=\"489\" data-end=\"509\">pu\u00f1os abotonados<\/strong> y un delicado abotonado frontal que aporta un aire tradicional y muy dulce. Perfecta para combinar con braguitas, bombachos o petos, y crear conjuntos ideales tanto para ocasiones especiales como para el d\u00eda a d\u00eda.<\/p>\n<p data-start=\"726\" data-end=\"829\">Una camisa vers\u00e1til, c\u00f3moda y con ese toque Petite Isabel que la convierte en un b\u00e1sico imprescindible.<\/p>\n<p data-start=\"726\" data-end=\"829\">Disponible en estos colores:<\/p>\n<ul>\n<li data-start=\"726\" data-end=\"829\">Blanco<\/li>\n<li data-start=\"726\" data-end=\"829\">Celeste<\/li>\n<\/ul>\n","protected":false},"excerpt":{"rendered":"<p>&nbsp;<\/p>\n<p>&nbsp;<\/p>\n","protected":false},"featured_media":2165,"comment_status":"open","ping_status":"closed","template":"","meta":{"_acf_changed":false},"product_brand":[],"product_cat":[41,36,54,60,30,44,62,28,39],"product_tag":[],"class_list":{"0":"post-1095","1":"product","2":"type-product","3":"status-publish","4":"has-post-thumbnail","6":"product_cat-nino","7":"product_cat-camisas-bebe-nino","8":"product_cat-celebracion","9":"product_cat-coleccion-escocesrojo-celebracion","10":"product_cat-bebe-nino","11":"product_cat-camisas-nino","12":"product_cat-coleccion-escocesazul-celebracion","13":"product_cat-bebe-3-24-meses","14":"product_cat-nina-o-3-6-anos","16":"first","17":"instock","18":"taxable","19":"shipping-taxable","20":"purchasable","21":"product-type-variable"},"acf":[],"_links":{"self":[{"href":"https:\/\/petite-isabel.com\/es\/wp-json\/wp\/v2\/product\/1095","targetHints":{"allow":["GET"]}}],"collection":[{"href":"https:\/\/petite-isabel.com\/es\/wp-json\/wp\/v2\/product"}],"about":[{"href":"https:\/\/petite-isabel.com\/es\/wp-json\/wp\/v2\/types\/product"}],"replies":[{"embeddable":true,"href":"https:\/\/petite-isabel.com\/es\/wp-json\/wp\/v2\/comments?post=1095"}],"wp:featuredmedia":[{"embeddable":true,"href":"https:\/\/petite-isabel.com\/es\/wp-json\/wp\/v2\/media\/2165"}],"wp:attachment":[{"href":"https:\/\/petite-isabel.com\/es\/wp-json\/wp\/v2\/media?parent=1095"}],"wp:term":[{"taxonomy":"product_brand","embeddable":true,"href":"https:\/\/petite-isabel.com\/es\/wp-json\/wp\/v2\/product_brand?post=1095"},{"taxonomy":"product_cat","embeddable":true,"href":"https:\/\/petite-isabel.com\/es\/wp-json\/wp\/v2\/product_cat?post=1095"},{"taxonomy":"product_tag","embeddable":true,"href":"https:\/\/petite-isabel.com\/es\/wp-json\/wp\/v2\/product_tag?post=1095"}],"curies":[{"name":"wp","href":"https:\/\/api.w.org\/{rel}","templated":true}]}}