{"id":1993,"date":"2024-12-17T11:51:24","date_gmt":"2024-12-17T10:51:24","guid":{"rendered":"https:\/\/petite-isabel.com\/?post_type=product&#038;p=1993"},"modified":"2025-11-19T13:54:57","modified_gmt":"2025-11-19T12:54:57","slug":"ranita-pasacintas","status":"publish","type":"product","link":"https:\/\/petite-isabel.com\/es\/producto\/ranita-pasacintas\/","title":{"rendered":"Ranita pasacintas"},"content":{"rendered":"<p class=\"p1\">Os presentamos esta ranita en tela piqu\u00e9. El tejido de piqu\u00e9 es conocido por ser resistente y duradero para los m\u00e1s peque\u00f1os. Esta ranita presenta dos bajadas de tira bordada con pasacintas. Muestra unas jaretas en el pecho que hace que quede m\u00e1s pegado al cuerpo. Sus volantes de tira bordada blanca lo hace \u00fanico y sofisticado.<span class=\"Apple-converted-space\">\u00a0<\/span><\/p>\n<p class=\"p1\">Puedes a\u00f1adir debajo un jersey de lana para las \u00e9pocas m\u00e1s fr\u00edas.<\/p>\n","protected":false},"excerpt":{"rendered":"<p>Os presentamos esta ranita en tela piqu\u00e9. El tejido de piqu\u00e9 es conocido por ser resistente y duradero para los m\u00e1s peque\u00f1os. Esta ranita presenta dos bajadas de tira bordada con pasacintas. Muestra unas jaretas en el pecho que hace que quede m\u00e1s pegado al cuerpo. Sus volantes de tira bordada blanca lo hace \u00fanico [&hellip;]<\/p>\n","protected":false},"featured_media":2001,"comment_status":"open","ping_status":"closed","template":"","meta":{"_acf_changed":false},"product_brand":[],"product_cat":[16,29,31,25,28],"product_tag":[],"class_list":{"0":"post-1993","1":"product","2":"type-product","3":"status-publish","4":"has-post-thumbnail","6":"product_cat-new-born-0-3-meses","7":"product_cat-bebe-nina","8":"product_cat-ranitas-bebe-nina","9":"product_cat-ranitas","10":"product_cat-bebe-3-24-meses","12":"first","13":"instock","14":"taxable","15":"shipping-taxable","16":"purchasable","17":"product-type-simple"},"acf":[],"_links":{"self":[{"href":"https:\/\/petite-isabel.com\/es\/wp-json\/wp\/v2\/product\/1993","targetHints":{"allow":["GET"]}}],"collection":[{"href":"https:\/\/petite-isabel.com\/es\/wp-json\/wp\/v2\/product"}],"about":[{"href":"https:\/\/petite-isabel.com\/es\/wp-json\/wp\/v2\/types\/product"}],"replies":[{"embeddable":true,"href":"https:\/\/petite-isabel.com\/es\/wp-json\/wp\/v2\/comments?post=1993"}],"wp:featuredmedia":[{"embeddable":true,"href":"https:\/\/petite-isabel.com\/es\/wp-json\/wp\/v2\/media\/2001"}],"wp:attachment":[{"href":"https:\/\/petite-isabel.com\/es\/wp-json\/wp\/v2\/media?parent=1993"}],"wp:term":[{"taxonomy":"product_brand","embeddable":true,"href":"https:\/\/petite-isabel.com\/es\/wp-json\/wp\/v2\/product_brand?post=1993"},{"taxonomy":"product_cat","embeddable":true,"href":"https:\/\/petite-isabel.com\/es\/wp-json\/wp\/v2\/product_cat?post=1993"},{"taxonomy":"product_tag","embeddable":true,"href":"https:\/\/petite-isabel.com\/es\/wp-json\/wp\/v2\/product_tag?post=1993"}],"curies":[{"name":"wp","href":"https:\/\/api.w.org\/{rel}","templated":true}]}}