{"id":2566,"date":"2025-05-02T18:12:48","date_gmt":"2025-05-02T16:12:48","guid":{"rendered":"https:\/\/petite-isabel.com\/?post_type=product&#038;p=2566"},"modified":"2025-05-14T12:19:45","modified_gmt":"2025-05-14T10:19:45","slug":"faldon-fiore","status":"publish","type":"product","link":"https:\/\/petite-isabel.com\/es\/producto\/faldon-fiore\/","title":{"rendered":"Fald\u00f3n Fiore"},"content":{"rendered":"<p>Os presentamos este cl\u00e1sico fald\u00f3n con jaretas finas en la zona del pecho que aportan textura y volumen, creando un efecto sutil y sofisticado.<\/p>\n<p>Una de las caracter\u00edsticas m\u00e1s encantadoras de este fald\u00f3n son sus tiras bordadas en forma de flores. Las tiras, cuidadosamente bordadas con delicados motivos florales, a\u00f1aden un toque de ternura y elegancia al dise\u00f1o. As\u00ed a\u00f1adiendo un detalle que le da un aire vintage resaltando la dulzura y el encanto de la prenda.<\/p>\n<p>El dise\u00f1o es sin mangas, lo que la hace perfecta para los d\u00edas m\u00e1s c\u00e1lidos o para combinarla con un jersey de punto debajo si hace fr\u00edo.<\/p>\n<p>La combinaci\u00f3n de detalles bordados y la simplicidad de la prenda la convierte en una opci\u00f3n adorable y c\u00f3moda para el beb\u00e9, garantizando que luzca encantador mientras se mantiene c\u00f3modo.<\/p>\n","protected":false},"excerpt":{"rendered":"<p>Os presentamos este cl\u00e1sico fald\u00f3n con jaretas finas en la zona del pecho que aportan textura y volumen, creando un efecto sutil y sofisticado. Una de las caracter\u00edsticas m\u00e1s encantadoras de este fald\u00f3n son sus tiras bordadas en forma de flores. Las tiras, cuidadosamente bordadas con delicados motivos florales, a\u00f1aden un toque de ternura y [&hellip;]<\/p>\n","protected":false},"featured_media":2786,"comment_status":"open","ping_status":"closed","template":"","meta":{"_acf_changed":false},"product_brand":[],"product_cat":[16,23],"product_tag":[],"class_list":{"0":"post-2566","1":"product","2":"type-product","3":"status-publish","4":"has-post-thumbnail","6":"product_cat-new-born-0-3-meses","7":"product_cat-faldones","9":"first","10":"instock","11":"taxable","12":"shipping-taxable","13":"purchasable","14":"product-type-variable"},"acf":[],"_links":{"self":[{"href":"https:\/\/petite-isabel.com\/es\/wp-json\/wp\/v2\/product\/2566","targetHints":{"allow":["GET"]}}],"collection":[{"href":"https:\/\/petite-isabel.com\/es\/wp-json\/wp\/v2\/product"}],"about":[{"href":"https:\/\/petite-isabel.com\/es\/wp-json\/wp\/v2\/types\/product"}],"replies":[{"embeddable":true,"href":"https:\/\/petite-isabel.com\/es\/wp-json\/wp\/v2\/comments?post=2566"}],"wp:featuredmedia":[{"embeddable":true,"href":"https:\/\/petite-isabel.com\/es\/wp-json\/wp\/v2\/media\/2786"}],"wp:attachment":[{"href":"https:\/\/petite-isabel.com\/es\/wp-json\/wp\/v2\/media?parent=2566"}],"wp:term":[{"taxonomy":"product_brand","embeddable":true,"href":"https:\/\/petite-isabel.com\/es\/wp-json\/wp\/v2\/product_brand?post=2566"},{"taxonomy":"product_cat","embeddable":true,"href":"https:\/\/petite-isabel.com\/es\/wp-json\/wp\/v2\/product_cat?post=2566"},{"taxonomy":"product_tag","embeddable":true,"href":"https:\/\/petite-isabel.com\/es\/wp-json\/wp\/v2\/product_tag?post=2566"}],"curies":[{"name":"wp","href":"https:\/\/api.w.org\/{rel}","templated":true}]}}