{"id":2626,"date":"2025-05-02T18:14:58","date_gmt":"2025-05-02T16:14:58","guid":{"rendered":"https:\/\/petite-isabel.com\/?post_type=product&#038;p=2626"},"modified":"2025-11-19T13:56:55","modified_gmt":"2025-11-19T12:56:55","slug":"ranita-espiga-celeste","status":"publish","type":"product","link":"https:\/\/petite-isabel.com\/es\/producto\/ranita-espiga-celeste\/","title":{"rendered":"Ranita espiga | celeste"},"content":{"rendered":"<p>Os presentamos esta ranita exclusiva con detalles como la espiga bordada a mano y jaretas en la zona del pecho, realzando la prenda con un toque de elegancia cl\u00e1sica. Los detalles con espiga en la zona del pecho a\u00f1aden un toque de sofisticaci\u00f3n adicional, creando una combinaci\u00f3n de elementos que hacen que esta ranita sea \u00fanica.<\/p>\n<p>Para un toque a\u00fan m\u00e1s coqueto, la ranita tiene dos lazos de raso celestes en la zona de los hombros, aportando delizadeza al dise\u00f1o.<span class=\"Apple-converted-space\">\u00a0<\/span><\/p>\n<p>Otro detalle destacado son las tirillas bordadas en la zona de las mangas y cuello, que aportan un toque de romanticismo y ternura. El bordado, cuidadosamente realizado, le da a la ranita un aire vintage y lleno de encanto, ideal para ocasiones especiales o simplemente para vestir al beb\u00e9 con un estilo \u00fanico.<\/p>\n<p>Para los m\u00e1s beb\u00e9s como para las m\u00e1s peque\u00f1as que ya caminan esta ranita es pr\u00e1ctica por que incluye botones de n\u00e1car en la entrepierna para una mayor comodidad a la hora del cambio de pa\u00f1al. Tambi\u00e9n se abrocha en la parte trasera para garantizar mayor comodidad.<\/p>\n","protected":false},"excerpt":{"rendered":"<p>Os presentamos esta ranita exclusiva con detalles como la espiga bordada a mano y jaretas en la zona del pecho, realzando la prenda con un toque de elegancia cl\u00e1sica. Los detalles con espiga en la zona del pecho a\u00f1aden un toque de sofisticaci\u00f3n adicional, creando una combinaci\u00f3n de elementos que hacen que esta ranita sea [&hellip;]<\/p>\n","protected":false},"featured_media":2821,"comment_status":"open","ping_status":"closed","template":"","meta":{"_acf_changed":false},"product_brand":[],"product_cat":[29,31,16,25,28],"product_tag":[],"class_list":{"0":"post-2626","1":"product","2":"type-product","3":"status-publish","4":"has-post-thumbnail","6":"product_cat-bebe-nina","7":"product_cat-ranitas-bebe-nina","8":"product_cat-new-born-0-3-meses","9":"product_cat-ranitas","10":"product_cat-bebe-3-24-meses","12":"first","13":"instock","14":"taxable","15":"shipping-taxable","16":"purchasable","17":"product-type-variable"},"acf":[],"_links":{"self":[{"href":"https:\/\/petite-isabel.com\/es\/wp-json\/wp\/v2\/product\/2626","targetHints":{"allow":["GET"]}}],"collection":[{"href":"https:\/\/petite-isabel.com\/es\/wp-json\/wp\/v2\/product"}],"about":[{"href":"https:\/\/petite-isabel.com\/es\/wp-json\/wp\/v2\/types\/product"}],"replies":[{"embeddable":true,"href":"https:\/\/petite-isabel.com\/es\/wp-json\/wp\/v2\/comments?post=2626"}],"wp:featuredmedia":[{"embeddable":true,"href":"https:\/\/petite-isabel.com\/es\/wp-json\/wp\/v2\/media\/2821"}],"wp:attachment":[{"href":"https:\/\/petite-isabel.com\/es\/wp-json\/wp\/v2\/media?parent=2626"}],"wp:term":[{"taxonomy":"product_brand","embeddable":true,"href":"https:\/\/petite-isabel.com\/es\/wp-json\/wp\/v2\/product_brand?post=2626"},{"taxonomy":"product_cat","embeddable":true,"href":"https:\/\/petite-isabel.com\/es\/wp-json\/wp\/v2\/product_cat?post=2626"},{"taxonomy":"product_tag","embeddable":true,"href":"https:\/\/petite-isabel.com\/es\/wp-json\/wp\/v2\/product_tag?post=2626"}],"curies":[{"name":"wp","href":"https:\/\/api.w.org\/{rel}","templated":true}]}}