{"id":2683,"date":"2025-05-02T09:19:08","date_gmt":"2025-05-02T07:19:08","guid":{"rendered":"https:\/\/petite-isabel.com\/?post_type=product&#038;p=2683"},"modified":"2025-11-18T17:47:31","modified_gmt":"2025-11-18T16:47:31","slug":"vestido-isabella-plumeti-vainilla","status":"publish","type":"product","link":"https:\/\/petite-isabel.com\/es\/producto\/vestido-isabella-plumeti-vainilla\/","title":{"rendered":"Vestido Isabella | plumeti vainilla"},"content":{"rendered":"<p>Os presentamos un vestido sencillo, rom\u00e1ntico y femenino. La parte superior del vestido presenta nidos en forma de flores bordados a mano, as\u00ed creando un cuerpo el\u00e1stico, realzando la figura sin sacrificar la comodidad. Esta t\u00e9cnica de nidos, junto con la textura de la tela plumeti, le da un aire vintage y muy sofisticado.<\/p>\n<p>Esta prenda dise\u00f1ada sin mangas es ideal para mantener a la ni\u00f1a fresca y c\u00f3moda, gracias a la ligereza y transpirabilidad de la tela plumeti. Con su corte cl\u00e1sico y detalles encantadores, es perfecto para realzar la belleza de las m\u00e1s peque\u00f1as mientras mantienen su libertad de movimiento.<\/p>\n<p>Nos hemos inspirado en el color vainilla yellow para hacer este vestido por que transmite luz, calidez y ternura. Su suavidad lo convierte en una opci\u00f3n ideal para ropa infantil, ya que aporta un aire elegante y fresco, perfecto para ocasiones especiales o para el d\u00eda a d\u00eda con un toque de sofisticaci\u00f3n. Se abrocha en la parte trasera del vestido con unos botones de n\u00e1car a juego con el vestido.<\/p>\n<p><strong><em>Este vestido presenta braguita hasta la talla 3y. Si desea a\u00f1adir braguita para las siguientes edades enviados un correo a <a href=\"mailto:pedidos@petite-isabel.com\">pedidos@petite-isabel.com<\/a><span class=\"Apple-converted-space\">\u00a0<\/span><\/em><\/strong><\/p>\n<p><em>*Nuestros vestidos tienen 6cm de bajo para sacar cuando la ni\u00f1a crezca y garantizar la durabilidad*<\/em><\/p>\n","protected":false},"excerpt":{"rendered":"<ul>\n<li>Tela plumeti 100% algod\u00f3n <span class=\"Apple-converted-space\">\u00a0<\/span><\/li>\n<li>Detalle de nidos hechos a mano<\/li>\n<li>Fabricado de forma sostenible en Espa\u00f1a<\/li>\n<\/ul>\n","protected":false},"featured_media":2883,"comment_status":"open","ping_status":"closed","template":"","meta":{"_acf_changed":false},"product_brand":[],"product_cat":[142,144,140],"product_tag":[115],"class_list":{"0":"post-2683","1":"product","2":"type-product","3":"status-publish","4":"has-post-thumbnail","6":"product_cat-bebe-nina-verano","7":"product_cat-nina-verano","8":"product_cat-verano","9":"product_tag-por-encargo","11":"first","12":"instock","13":"taxable","14":"shipping-taxable","15":"purchasable","16":"product-type-variable"},"acf":[],"_links":{"self":[{"href":"https:\/\/petite-isabel.com\/es\/wp-json\/wp\/v2\/product\/2683","targetHints":{"allow":["GET"]}}],"collection":[{"href":"https:\/\/petite-isabel.com\/es\/wp-json\/wp\/v2\/product"}],"about":[{"href":"https:\/\/petite-isabel.com\/es\/wp-json\/wp\/v2\/types\/product"}],"replies":[{"embeddable":true,"href":"https:\/\/petite-isabel.com\/es\/wp-json\/wp\/v2\/comments?post=2683"}],"wp:featuredmedia":[{"embeddable":true,"href":"https:\/\/petite-isabel.com\/es\/wp-json\/wp\/v2\/media\/2883"}],"wp:attachment":[{"href":"https:\/\/petite-isabel.com\/es\/wp-json\/wp\/v2\/media?parent=2683"}],"wp:term":[{"taxonomy":"product_brand","embeddable":true,"href":"https:\/\/petite-isabel.com\/es\/wp-json\/wp\/v2\/product_brand?post=2683"},{"taxonomy":"product_cat","embeddable":true,"href":"https:\/\/petite-isabel.com\/es\/wp-json\/wp\/v2\/product_cat?post=2683"},{"taxonomy":"product_tag","embeddable":true,"href":"https:\/\/petite-isabel.com\/es\/wp-json\/wp\/v2\/product_tag?post=2683"}],"curies":[{"name":"wp","href":"https:\/\/api.w.org\/{rel}","templated":true}]}}