{"id":2862,"date":"2025-05-01T19:41:15","date_gmt":"2025-05-01T17:41:15","guid":{"rendered":"https:\/\/petite-isabel.com\/?post_type=product&#038;p=2862"},"modified":"2025-11-18T17:49:49","modified_gmt":"2025-11-18T16:49:49","slug":"vestido-chloe-navy-rayado","status":"publish","type":"product","link":"https:\/\/petite-isabel.com\/es\/producto\/vestido-chloe-navy-rayado\/","title":{"rendered":"Vestido Chloe | Navy rayado"},"content":{"rendered":"<p>Este vestido de ni\u00f1a es una prenda delicada y elegante que se abrocha en la parte de atr\u00e1s con cuatro botones, lo que le permite un ajuste perfecto y f\u00e1cil de poner. Este cierre con botones en la parte trasera le da un aire cl\u00e1sico y pr\u00e1ctico al mismo tiempo.<\/p>\n<p>Uno de los detalles m\u00e1s encantadores de este vestido es la puntilla de bolillo en la zona de las mangas, que a\u00f1ade un toque de romanticismo y sofisticaci\u00f3n. El bolillo con su delicado bordado, resalta la feminidad de la prenda y aporta un toque artesanal que la hace \u00fanica.<\/p>\n<p>El dise\u00f1o del vestido es abierto por la parte de atr\u00e1s, lo que le da un toque fresco y aireado, ideal para el clima c\u00e1lido o para que la ni\u00f1a se sienta libre y c\u00f3moda. Adem\u00e1s, se puede ver ligeramente la braguita que lleva debajo, la cual tambi\u00e9n est\u00e1 confeccionada con bolillo, lo que le da un toque coqueto y divertido, manteniendo siempre la delicadeza.<\/p>\n<p>En la parte del pecho, el vestido presenta jaretas que brindan un acabado elegante y estructurado, creando una ligera textura que enriquece el dise\u00f1o.<\/p>\n<p>Este vestido es perfecto para ocasiones especiales, como para el d\u00eda a d\u00eda en tiempo de calor.<span class=\"Apple-converted-space\">\u00a0 <\/span>Las rayas azul Navy y blancas aportan un toque n\u00e1utico y elegante para la \u00e9poca de verano.<span class=\"Apple-converted-space\">\u00a0<\/span><\/p>\n<p>Se abrocha en la parte trasera del vestido con unos botones de nacarina en celeste a juego con el tejido.<span class=\"Apple-converted-space\">\u00a0<\/span><\/p>\n<p><strong>Este vestido presenta braguita hasta la talla 3y. Si desea a\u00f1adir braguita para las siguientes edades enviados un correo a <a href=\"mailto:pedidos@petite-isabel.com\">pedidos@petite-isabel.com<\/a><span class=\"Apple-converted-space\">\u00a0<\/span><\/strong><\/p>\n","protected":false},"excerpt":{"rendered":"<ul>\n<li>Tela 100% algod\u00f3n<span class=\"Apple-converted-space\">\u00a0<\/span><\/li>\n<li>Detalle de apertura trasera con botones<\/li>\n<li>Fabricado de forma sostenible en Espa\u00f1a<\/li>\n<\/ul>\n","protected":false},"featured_media":3032,"comment_status":"open","ping_status":"closed","template":"","meta":{"_acf_changed":false},"product_brand":[],"product_cat":[15,142,144,140],"product_tag":[],"class_list":{"0":"post-2862","1":"product","2":"type-product","3":"status-publish","4":"has-post-thumbnail","6":"product_cat-vestidos-bebe-nina","7":"product_cat-bebe-nina-verano","8":"product_cat-nina-verano","9":"product_cat-verano","11":"first","12":"instock","13":"taxable","14":"shipping-taxable","15":"purchasable","16":"product-type-variable"},"acf":[],"_links":{"self":[{"href":"https:\/\/petite-isabel.com\/es\/wp-json\/wp\/v2\/product\/2862","targetHints":{"allow":["GET"]}}],"collection":[{"href":"https:\/\/petite-isabel.com\/es\/wp-json\/wp\/v2\/product"}],"about":[{"href":"https:\/\/petite-isabel.com\/es\/wp-json\/wp\/v2\/types\/product"}],"replies":[{"embeddable":true,"href":"https:\/\/petite-isabel.com\/es\/wp-json\/wp\/v2\/comments?post=2862"}],"wp:featuredmedia":[{"embeddable":true,"href":"https:\/\/petite-isabel.com\/es\/wp-json\/wp\/v2\/media\/3032"}],"wp:attachment":[{"href":"https:\/\/petite-isabel.com\/es\/wp-json\/wp\/v2\/media?parent=2862"}],"wp:term":[{"taxonomy":"product_brand","embeddable":true,"href":"https:\/\/petite-isabel.com\/es\/wp-json\/wp\/v2\/product_brand?post=2862"},{"taxonomy":"product_cat","embeddable":true,"href":"https:\/\/petite-isabel.com\/es\/wp-json\/wp\/v2\/product_cat?post=2862"},{"taxonomy":"product_tag","embeddable":true,"href":"https:\/\/petite-isabel.com\/es\/wp-json\/wp\/v2\/product_tag?post=2862"}],"curies":[{"name":"wp","href":"https:\/\/api.w.org\/{rel}","templated":true}]}}