{"id":3447,"date":"2025-11-14T19:08:48","date_gmt":"2025-11-14T18:08:48","guid":{"rendered":"https:\/\/petite-isabel.com\/?post_type=product&#038;p=3447"},"modified":"2025-11-19T19:52:42","modified_gmt":"2025-11-19T18:52:42","slug":"bola-bordada-personalizada-edicion-navidad","status":"publish","type":"product","link":"https:\/\/petite-isabel.com\/es\/producto\/bola-bordada-personalizada-edicion-navidad\/","title":{"rendered":"Bola Bordada Personalizada | Edici\u00f3n Navidad"},"content":{"rendered":"<p data-start=\"331\" data-end=\"617\">Un adorno navide\u00f1o \u00fanico, creado de manera artesanal con el estilo delicado y cuidado que caracteriza a Petite Isabel. Cada bola est\u00e1 bordada a mano sobre lino natural e incluye peque\u00f1os detalles navide\u00f1os como una mini bota, un renito, un bast\u00f3n de caramelo y una guirnalda de hojas.<\/p>\n<p data-start=\"619\" data-end=\"767\">Personalizada con la inicial que elijas, se convierte en un recuerdo perfecto para el \u00e1rbol de tu familia o un regalo especial para alguien querido.<\/p>\n<p data-start=\"619\" data-end=\"767\">\u2728 <em data-start=\"1153\" data-end=\"1231\">Un adorno que cada a\u00f1o tendr\u00e1 un lugar especial en el coraz\u00f3n de tu Navidad.<\/em><\/p>\n<p data-start=\"619\" data-end=\"767\">A continuaci\u00f3n os dejamos las<strong> instrucciones de cuidado<\/strong>:<\/p>\n<ul>\n<li data-start=\"619\" data-end=\"767\">Limpiar con un pa\u00f1o suave y ligeramente h\u00famedo.<\/li>\n<li data-start=\"619\" data-end=\"767\">No lavar, no sumergir en agua (podr\u00edan caerse las bolitas)<\/li>\n<li data-start=\"619\" data-end=\"767\">Guardar en una funda al finalizar la temporada para proteger el bordado.<\/li>\n<\/ul>\n<p>&nbsp;<\/p>\n<p>\u26a0\ufe0f Mantener fuera del alcance de beb\u00e9s y ni\u00f1os peque\u00f1os. Contiene piezas peque\u00f1as (perlas) que podr\u00edan desprenderse.<\/p>\n<p data-start=\"619\" data-end=\"767\">\n","protected":false},"excerpt":{"rendered":"<ul>\n<li data-start=\"789\" data-end=\"824\">\n<p data-start=\"791\" data-end=\"824\">Bordado artesanal pieza a pieza<\/p>\n<\/li>\n<li data-start=\"825\" data-end=\"850\">\n<p data-start=\"827\" data-end=\"850\">Aro de madera natural<\/p>\n<\/li>\n<li data-start=\"851\" data-end=\"887\">\n<p data-start=\"853\" data-end=\"887\">Lazo de terciopelo rojo incluido<\/p>\n<\/li>\n<li data-start=\"888\" data-end=\"918\">\n<p data-start=\"890\" data-end=\"918\">Personalizable con inicial<\/p>\n<\/li>\n<li data-start=\"919\" data-end=\"946\">\n<p data-start=\"921\" data-end=\"946\">Tama\u00f1o aprox.: 10\u201312 cm<\/p>\n<\/li>\n<li data-start=\"919\" data-end=\"946\">Detalles bordados y perlas cosidas a mano<\/li>\n<\/ul>\n","protected":false},"featured_media":3449,"comment_status":"open","ping_status":"closed","template":"","meta":{"_acf_changed":false},"product_brand":[],"product_cat":[147,54],"product_tag":[115],"class_list":{"0":"post-3447","1":"product","2":"type-product","3":"status-publish","4":"has-post-thumbnail","6":"product_cat-hogar","7":"product_cat-celebracion","8":"product_tag-por-encargo","9":"wcpa_has_options","11":"first","12":"instock","13":"taxable","14":"shipping-taxable","15":"purchasable","16":"product-type-simple"},"acf":[],"_links":{"self":[{"href":"https:\/\/petite-isabel.com\/es\/wp-json\/wp\/v2\/product\/3447","targetHints":{"allow":["GET"]}}],"collection":[{"href":"https:\/\/petite-isabel.com\/es\/wp-json\/wp\/v2\/product"}],"about":[{"href":"https:\/\/petite-isabel.com\/es\/wp-json\/wp\/v2\/types\/product"}],"replies":[{"embeddable":true,"href":"https:\/\/petite-isabel.com\/es\/wp-json\/wp\/v2\/comments?post=3447"}],"wp:featuredmedia":[{"embeddable":true,"href":"https:\/\/petite-isabel.com\/es\/wp-json\/wp\/v2\/media\/3449"}],"wp:attachment":[{"href":"https:\/\/petite-isabel.com\/es\/wp-json\/wp\/v2\/media?parent=3447"}],"wp:term":[{"taxonomy":"product_brand","embeddable":true,"href":"https:\/\/petite-isabel.com\/es\/wp-json\/wp\/v2\/product_brand?post=3447"},{"taxonomy":"product_cat","embeddable":true,"href":"https:\/\/petite-isabel.com\/es\/wp-json\/wp\/v2\/product_cat?post=3447"},{"taxonomy":"product_tag","embeddable":true,"href":"https:\/\/petite-isabel.com\/es\/wp-json\/wp\/v2\/product_tag?post=3447"}],"curies":[{"name":"wp","href":"https:\/\/api.w.org\/{rel}","templated":true}]}}