{"id":677,"date":"2024-11-11T13:47:18","date_gmt":"2024-11-11T12:47:18","guid":{"rendered":"https:\/\/petite-isabel.com\/?post_type=product&#038;p=677"},"modified":"2024-12-16T14:51:54","modified_gmt":"2024-12-16T13:51:54","slug":"postal-para-dedicatoria","status":"publish","type":"product","link":"https:\/\/petite-isabel.com\/es\/producto\/postal-para-dedicatoria\/","title":{"rendered":"Postal para dedicatoria"},"content":{"rendered":"<ul>\n<li>Cuenta con un dise\u00f1o en la parte frontal y una zona perfecta para escribir una dedicatoria en la parte posterior, acompa\u00f1ada de un elegante dise\u00f1o.<\/li>\n<li>Dimensi\u00f3n de 10,5&#215;14,8cm (Tama\u00f1o A6)<\/li>\n<li>Incluye un sobre<\/li>\n<\/ul>\n","protected":false},"excerpt":{"rendered":"<p>Cuenta con un dise\u00f1o en la parte frontal y una zona perfecta para escribir una dedicatoria en la parte posterior, acompa\u00f1ada de un elegante dise\u00f1o. Dimensi\u00f3n de 10,5&#215;14,8cm (Tama\u00f1o A6) Incluye un sobre<\/p>\n","protected":false},"featured_media":1759,"comment_status":"open","ping_status":"closed","template":"","meta":{"_acf_changed":false},"product_brand":[],"product_cat":[114],"product_tag":[],"class_list":{"0":"post-677","1":"product","2":"type-product","3":"status-publish","4":"has-post-thumbnail","6":"product_cat-regalos","8":"first","9":"instock","10":"taxable","11":"shipping-taxable","12":"purchasable","13":"product-type-variable"},"acf":[],"_links":{"self":[{"href":"https:\/\/petite-isabel.com\/es\/wp-json\/wp\/v2\/product\/677","targetHints":{"allow":["GET"]}}],"collection":[{"href":"https:\/\/petite-isabel.com\/es\/wp-json\/wp\/v2\/product"}],"about":[{"href":"https:\/\/petite-isabel.com\/es\/wp-json\/wp\/v2\/types\/product"}],"replies":[{"embeddable":true,"href":"https:\/\/petite-isabel.com\/es\/wp-json\/wp\/v2\/comments?post=677"}],"wp:featuredmedia":[{"embeddable":true,"href":"https:\/\/petite-isabel.com\/es\/wp-json\/wp\/v2\/media\/1759"}],"wp:attachment":[{"href":"https:\/\/petite-isabel.com\/es\/wp-json\/wp\/v2\/media?parent=677"}],"wp:term":[{"taxonomy":"product_brand","embeddable":true,"href":"https:\/\/petite-isabel.com\/es\/wp-json\/wp\/v2\/product_brand?post=677"},{"taxonomy":"product_cat","embeddable":true,"href":"https:\/\/petite-isabel.com\/es\/wp-json\/wp\/v2\/product_cat?post=677"},{"taxonomy":"product_tag","embeddable":true,"href":"https:\/\/petite-isabel.com\/es\/wp-json\/wp\/v2\/product_tag?post=677"}],"curies":[{"name":"wp","href":"https:\/\/api.w.org\/{rel}","templated":true}]}}