{"id":820,"date":"2024-11-13T11:41:13","date_gmt":"2024-11-13T10:41:13","guid":{"rendered":"https:\/\/petite-isabel.com\/?post_type=product&#038;p=820"},"modified":"2025-11-18T18:36:27","modified_gmt":"2025-11-18T17:36:27","slug":"vestido-oliva-bebe","status":"publish","type":"product","link":"https:\/\/petite-isabel.com\/es\/producto\/vestido-oliva-bebe\/","title":{"rendered":"Vestido Oliva"},"content":{"rendered":"<p class=\"p1\">El vestido Oliva est\u00e1 cruzado hecho a mano con un estampado floral para la temporada oto\u00f1o\/invierno.<span class=\"Apple-converted-space\">\u00a0 <\/span>Presenta un cuello Peter pan blanco con espiga en tonos marrones que le aporta un contraste sutil al vestido. Las mangas abullonadas le dan un toque de elegancia.<\/p>\n<p class=\"p1\"><i>Las modistas elaboran nidos con hilos de alta calidad en colores marrones y marfil en la zona del pecho, as\u00ed creando una apariencia vers\u00e1til para cualquier ocasi\u00f3n<\/i>. Con botones brillantes de cuatro agujeros en color marr\u00f3n. Se abrocha en la parte trasera del vestido.<b> Incluye su braguita a juego.<\/b><\/p>\n<p class=\"p4\"><b>Nuestros vestidos tienen 6cm en el bajo para sacar cuando la ni\u00f1a crezca y as\u00ed garantizar la durabilidad.<\/b><\/p>\n<p><strong>*Debido a la complejidad en la confecci\u00f3n de esta prenda y a que los nidos con los que cuenta el dise\u00f1o est\u00e1n hechos a mano, el env\u00edo puede tardar hasta 25 d\u00edas.<\/strong><\/p>\n","protected":false},"excerpt":{"rendered":"<p>&nbsp;<\/p>\n<p>&nbsp;<\/p>\n<p>&nbsp;<\/p>\n","protected":false},"featured_media":2920,"comment_status":"open","ping_status":"closed","template":"","meta":{"_acf_changed":false},"product_brand":[],"product_cat":[29,40,42,15,28,39],"product_tag":[],"class_list":{"0":"post-820","1":"product","2":"type-product","3":"status-publish","4":"has-post-thumbnail","6":"product_cat-bebe-nina","7":"product_cat-nina","8":"product_cat-vestidos-exclusive","9":"product_cat-vestidos-bebe-nina","10":"product_cat-bebe-3-24-meses","11":"product_cat-nina-o-3-6-anos","13":"first","14":"instock","15":"taxable","16":"shipping-taxable","17":"purchasable","18":"product-type-variable"},"acf":[],"_links":{"self":[{"href":"https:\/\/petite-isabel.com\/es\/wp-json\/wp\/v2\/product\/820","targetHints":{"allow":["GET"]}}],"collection":[{"href":"https:\/\/petite-isabel.com\/es\/wp-json\/wp\/v2\/product"}],"about":[{"href":"https:\/\/petite-isabel.com\/es\/wp-json\/wp\/v2\/types\/product"}],"replies":[{"embeddable":true,"href":"https:\/\/petite-isabel.com\/es\/wp-json\/wp\/v2\/comments?post=820"}],"wp:featuredmedia":[{"embeddable":true,"href":"https:\/\/petite-isabel.com\/es\/wp-json\/wp\/v2\/media\/2920"}],"wp:attachment":[{"href":"https:\/\/petite-isabel.com\/es\/wp-json\/wp\/v2\/media?parent=820"}],"wp:term":[{"taxonomy":"product_brand","embeddable":true,"href":"https:\/\/petite-isabel.com\/es\/wp-json\/wp\/v2\/product_brand?post=820"},{"taxonomy":"product_cat","embeddable":true,"href":"https:\/\/petite-isabel.com\/es\/wp-json\/wp\/v2\/product_cat?post=820"},{"taxonomy":"product_tag","embeddable":true,"href":"https:\/\/petite-isabel.com\/es\/wp-json\/wp\/v2\/product_tag?post=820"}],"curies":[{"name":"wp","href":"https:\/\/api.w.org\/{rel}","templated":true}]}}